{"id":174,"date":"2023-07-21T00:35:17","date_gmt":"2023-07-20T22:35:17","guid":{"rendered":"https:\/\/cqgclub.dyndns.org\/likyneko\/fontaine-a-eau-connectee-english\/"},"modified":"2023-09-03T12:12:50","modified_gmt":"2023-09-03T10:12:50","slug":"fontaine-a-eau-connectee-english","status":"publish","type":"page","link":"https:\/\/cqgclub.dyndns.org\/likyneko\/en\/fontaine-a-eau-connectee-english\/","title":{"rendered":"Fontaine \u00e0 eau connect\u00e9e &#8211; English"},"content":{"rendered":"\n\n\t\t\t\t<img loading=\"lazy\" decoding=\"async\" src=\"https:\/\/cqgclub.dyndns.org\/likyneko\/wp-content\/uploads\/2023\/07\/logo.LikyNeko.gray_.png\" alt=\"logo.LikyNeko.gray\" itemprop=\"image\" height=\"517\" width=\"579\" title=\"logo.LikyNeko.gray\" onerror=\"this.style.display='none'\"  \/>\n<h1>\n\t\tConnected water fountain<br \/> for pets\n\t<\/h1>\n<p class=\"product woocommerce add_to_cart_inline \" style=\"border:4px solid #ccc; padding: 12px;\"><span class=\"woocommerce-Price-amount amount\"><bdi>79.90<span class=\"woocommerce-Price-currencySymbol\">&euro;<\/span><\/bdi><\/span><a href=\"\/likyneko\/wp-json\/wp\/v2\/pages\/174?add-to-cart=170\" aria-describedby=\"woocommerce_loop_add_to_cart_link_describedby_170\" data-quantity=\"1\" class=\"button product_type_simple add_to_cart_button ajax_add_to_cart\" data-product_id=\"170\" data-product_sku=\"FONT-C1-LK\" aria-label=\"Ajouter au panier\u00a0: &ldquo;Fontaine \u00e0 eau connect\u00e9e pour animaux de compagnie&rdquo;\" rel=\"nofollow\" data-success_message=\"\u00ab\u00a0Fontaine \u00e0 eau connect\u00e9e pour animaux de compagnie\u00a0\u00bb a \u00e9t\u00e9 ajout\u00e9 \u00e0 votre panier\" role=\"button\">Ajouter au panier<\/a>\t<span id=\"woocommerce_loop_add_to_cart_link_describedby_170\" class=\"screen-reader-text\">\n\t\t\t<\/span>\n<\/p>\n\t<p>Free delivery<\/p>\n\t<p>The ideal fountain for your dogs, cats, and kittens.<\/p>\n<p>It will also delight ferrets, rodents, and birds.<\/p>\n\t\t\t\t<img loading=\"lazy\" decoding=\"async\" src=\"https:\/\/cqgclub.dyndns.org\/likyneko\/wp-content\/uploads\/2023\/07\/3-1-1024x1024.png\" alt=\"3\" itemprop=\"image\" height=\"1024\" width=\"1024\" title=\"3\" onerror=\"this.style.display='none'\"  \/>\n\t\t\t\t<img loading=\"lazy\" decoding=\"async\" src=\"https:\/\/cqgclub.dyndns.org\/likyneko\/wp-content\/uploads\/2023\/07\/Sans-titre-2_Plan-de-travail-1-copie-2-1-1024x1022.png\" alt=\"Illustration pour les animaux en bonne sant\u00e9\" itemprop=\"image\" height=\"1022\" width=\"1024\" title=\"Fontaine \u00e0 eau pour inciter \u00e0 s'hydrater\" onerror=\"this.style.display='none'\"  \/>\n<h2>\n\t\tHealthy animals\n\t<\/h2>\n\t<p>Digestion, kidney health, body temperature regulation, etc.<\/p>\n<p>The movement of water attracts attention and encourages drinking<\/p>\n<p>Running water promotes natural hydration behavior<\/p>\n<h2>\n\t\tLarge capacity, 4 liters\n\t<\/h2>\n\t<ul>\n<li>Less frequent refills<\/li>\n<li>Better autonomy<\/li>\n<\/ul>\n\t\t\t\t<img loading=\"lazy\" decoding=\"async\" src=\"https:\/\/cqgclub.dyndns.org\/likyneko\/wp-content\/uploads\/2023\/07\/dog.png\" alt=\"dog\" itemprop=\"image\" height=\"1746\" width=\"1746\" title=\"dog\" onerror=\"this.style.display='none'\"  \/>\n\t\t\t\t<img loading=\"lazy\" decoding=\"async\" src=\"https:\/\/cqgclub.dyndns.org\/likyneko\/wp-content\/uploads\/2023\/06\/vue-filtre-eclate-1.png\" alt=\"vue-filtre-eclate\" itemprop=\"image\" height=\"1352\" width=\"927\" title=\"vue-filtre-eclate\" onerror=\"this.style.display='none'\"  \/>\n<h2>\n\t\tFiltration system\n\t<\/h2>\n<h3>\n\t\tDust filter\n\t<\/h3>\n\t<p>Captures food residues, hairs, and dust<\/p>\n<h3>\n\t\tWater softener\n\t<\/h3>\n\t<p>With ion-exchange resin<\/p>\n<h3>\n\t\tWater purifier\n\t<\/h3>\n\t<p>Maifanite, antibacterial, captures dyes and other pollutants such as heavy metals<\/p>\n<h3>\n\t\tActivated charcoal\n\t<\/h3>\n\t<p>From coconut shell<\/p>\n<h3>\n\t\tFilter for removing bad taste and odors\n\t<\/h3>\n<h2>\n\t\tQuiet (&lt;30dB)\n\t<\/h2>\n\t<p>Less noisy than a calm night<\/p>\n\t\t\t\t<img loading=\"lazy\" decoding=\"async\" src=\"https:\/\/cqgclub.dyndns.org\/likyneko\/wp-content\/uploads\/2023\/07\/silece_Plan-de-travail-1-copie_Plan-de-travail-1-copie.png\" alt=\"silece_Plan de travail 1 copie_Plan de travail 1 copie\" itemprop=\"image\" height=\"1752\" width=\"1755\" title=\"silece_Plan de travail 1 copie_Plan de travail 1 copie\" onerror=\"this.style.display='none'\"  \/>\n\t\t\t\t<img loading=\"lazy\" decoding=\"async\" src=\"https:\/\/cqgclub.dyndns.org\/likyneko\/wp-content\/uploads\/2023\/06\/vue-eclatee.png\" alt=\"vue-eclatee\" itemprop=\"image\" height=\"988\" width=\"796\" title=\"vue-eclatee\" onerror=\"this.style.display='none'\"  \/>\n<h2>\n\t\tEasy to clean\n\t<\/h2>\n\t<ul>\n<li>No nooks, folds, or hard-to-reach edges<\/li>\n<li>Lightweight, unbreakable parts that are easy to handle<\/li>\n<li>Dishwasher safe<\/li>\n<\/ul>\n<h2>\n\t\tWith an app, it&rsquo;s more fun\n\t<\/h2>\n\t<p>The free app allows you to:<\/p>\n<ul>\n<li>Set water level alerts\n<\/li>\n<li>Schedule maintenance reminders\n<\/li>\n<li>Adjust the water flow\n<\/li>\n<li>Set the frequency and duration of operation<\/li>\n<\/ul>\n\t\t\t\t<img loading=\"lazy\" decoding=\"async\" src=\"https:\/\/cqgclub.dyndns.org\/likyneko\/wp-content\/uploads\/2023\/07\/HANDPHONE-e1689694386318-837x1024.png\" alt=\"HANDPHONE\" itemprop=\"image\" height=\"1024\" width=\"837\" title=\"HANDPHONE\" onerror=\"this.style.display='none'\"  \/>\n<h2>\n\t\tCapacity\n\t<\/h2>\n<h2>\n\t\tEasy cleaning\n\t<\/h2>\n<h2>\n\t\tSafe\n\t<\/h2>\n<h2>\n\t\tDurable\n\t<\/h2>\n<h2>\n\t\tQuiet\n\t<\/h2>\n<h2>\n\t\tConnected\n\t<\/h2>\n<h2>\n\t\t5-level filtration\n\t<\/h2>\n<h2>\n\t\tMade with love\n\t<\/h2>\n\t\t\t\t<img loading=\"lazy\" decoding=\"async\" src=\"https:\/\/cqgclub.dyndns.org\/likyneko\/wp-content\/uploads\/2023\/06\/logo.LikyNeko.100x89.png\" alt=\"logo.LikyNeko.100x89\" itemprop=\"image\" height=\"89\" width=\"100\" title=\"logo.LikyNeko.100x89\" onerror=\"this.style.display='none'\"  \/>\n\t\t\t\t<img loading=\"lazy\" decoding=\"async\" src=\"https:\/\/cqgclub.dyndns.org\/likyneko\/wp-content\/uploads\/2023\/07\/TR-FONT-C1-LK.2200x1650-1024x768.png\" alt=\"TR-FONT-C1-LK.2200x1650\" itemprop=\"image\" height=\"768\" width=\"1024\" title=\"TR-FONT-C1-LK.2200x1650\" onerror=\"this.style.display='none'\"  \/>\n<p class=\"product woocommerce add_to_cart_inline \" style=\"border:4px solid #ccc; padding: 12px;\"><span class=\"woocommerce-Price-amount amount\"><bdi>79.90<span class=\"woocommerce-Price-currencySymbol\">&euro;<\/span><\/bdi><\/span><a href=\"\/likyneko\/wp-json\/wp\/v2\/pages\/174?add-to-cart=170\" aria-describedby=\"woocommerce_loop_add_to_cart_link_describedby_170\" data-quantity=\"1\" class=\"button product_type_simple add_to_cart_button ajax_add_to_cart\" data-product_id=\"170\" data-product_sku=\"FONT-C1-LK\" aria-label=\"Ajouter au panier\u00a0: &ldquo;Fontaine \u00e0 eau connect\u00e9e pour animaux de compagnie&rdquo;\" rel=\"nofollow\" data-success_message=\"\u00ab\u00a0Fontaine \u00e0 eau connect\u00e9e pour animaux de compagnie\u00a0\u00bb a \u00e9t\u00e9 ajout\u00e9 \u00e0 votre panier\" role=\"button\">Ajouter au panier<\/a>\t<span id=\"woocommerce_loop_add_to_cart_link_describedby_170\" class=\"screen-reader-text\">\n\t\t\t<\/span>\n<\/p>\n\t<p>Free delivery<\/p>\n<h2>\n\t\tAccessoires\n\t<\/h2>\n<div class=\"woocommerce \"><ul class=\"products columns-1\">\n<li class=\"product type-product post-418 status-publish first instock product_cat-fontaine-a-eau has-post-thumbnail taxable shipping-taxable purchasable product-type-simple\">\n\t<a href=\"https:\/\/cqgclub.dyndns.org\/likyneko\/en\/produit\/lot-de-4-filtres-de-remplacement-pour-fontaine-connectee\/\" class=\"woocommerce-LoopProduct-link woocommerce-loop-product__link\"><img loading=\"lazy\" decoding=\"async\" width=\"300\" height=\"300\" src=\"https:\/\/cqgclub.dyndns.org\/likyneko\/wp-content\/uploads\/2023\/08\/MAIN-filtre.2000-300x300.jpg\" class=\"attachment-woocommerce_thumbnail size-woocommerce_thumbnail\" alt=\"Pack of 4 filters for water fountain\" srcset=\"https:\/\/cqgclub.dyndns.org\/likyneko\/wp-content\/uploads\/2023\/08\/MAIN-filtre.2000-300x300.jpg 300w, https:\/\/cqgclub.dyndns.org\/likyneko\/wp-content\/uploads\/2023\/08\/MAIN-filtre.2000-1024x1024.jpg 1024w, https:\/\/cqgclub.dyndns.org\/likyneko\/wp-content\/uploads\/2023\/08\/MAIN-filtre.2000-150x150.jpg 150w, https:\/\/cqgclub.dyndns.org\/likyneko\/wp-content\/uploads\/2023\/08\/MAIN-filtre.2000-768x768.jpg 768w, https:\/\/cqgclub.dyndns.org\/likyneko\/wp-content\/uploads\/2023\/08\/MAIN-filtre.2000-1536x1536.jpg 1536w, https:\/\/cqgclub.dyndns.org\/likyneko\/wp-content\/uploads\/2023\/08\/MAIN-filtre.2000-600x600.jpg 600w, https:\/\/cqgclub.dyndns.org\/likyneko\/wp-content\/uploads\/2023\/08\/MAIN-filtre.2000-100x100.jpg 100w, https:\/\/cqgclub.dyndns.org\/likyneko\/wp-content\/uploads\/2023\/08\/MAIN-filtre.2000.jpg 2000w\" sizes=\"auto, (max-width: 300px) 100vw, 300px\" \/><h2 class=\"woocommerce-loop-product__title\">Pack of 4 filters for water fountain<\/h2>\n\t<span class=\"price\"><span class=\"woocommerce-Price-amount amount\"><bdi>12.90<span class=\"woocommerce-Price-currencySymbol\">&euro;<\/span><\/bdi><\/span><\/span>\n<\/a><a href=\"\/likyneko\/wp-json\/wp\/v2\/pages\/174?add-to-cart=418\" aria-describedby=\"woocommerce_loop_add_to_cart_link_describedby_418\" data-quantity=\"1\" class=\"button product_type_simple add_to_cart_button ajax_add_to_cart\" data-product_id=\"418\" data-product_sku=\"FP-C1-LK\" aria-label=\"Ajouter au panier\u00a0: &ldquo;Pack of 4 filters for water fountain&rdquo;\" rel=\"nofollow\" data-success_message=\"\u00ab\u00a0Pack of 4 filters for water fountain\u00a0\u00bb a \u00e9t\u00e9 ajout\u00e9 \u00e0 votre panier\" role=\"button\">Ajouter au panier<\/a>\t<span id=\"woocommerce_loop_add_to_cart_link_describedby_418\" class=\"screen-reader-text\">\n\t\t\t<\/span>\n<\/li>\n<\/ul>\n<\/div>\n","protected":false},"excerpt":{"rendered":"<p>Connected water fountain for pets Free delivery The ideal fountain for your dogs, cats, and kittens. It will also delight ferrets, rodents, and birds. Healthy animals Digestion, kidney health, body temperature regulation, etc. The movement of water attracts attention and encourages drinking Running water promotes natural hydration behavior Large capacity, 4 liters Less frequent refills&hellip;<\/p>\n","protected":false},"author":1,"featured_media":0,"parent":0,"menu_order":0,"comment_status":"closed","ping_status":"closed","template":"","meta":{"footnotes":""},"class_list":["post-174","page","type-page","status-publish","hentry"],"lang":"en","translations":{"en":174,"fr":5,"de":175,"it":176,"es":177,"pl":178,"tr":179,"sv":180,"nl":181,"cs":182},"pll_sync_post":[],"_links":{"self":[{"href":"https:\/\/cqgclub.dyndns.org\/likyneko\/wp-json\/wp\/v2\/pages\/174","targetHints":{"allow":["GET"]}}],"collection":[{"href":"https:\/\/cqgclub.dyndns.org\/likyneko\/wp-json\/wp\/v2\/pages"}],"about":[{"href":"https:\/\/cqgclub.dyndns.org\/likyneko\/wp-json\/wp\/v2\/types\/page"}],"author":[{"embeddable":true,"href":"https:\/\/cqgclub.dyndns.org\/likyneko\/wp-json\/wp\/v2\/users\/1"}],"replies":[{"embeddable":true,"href":"https:\/\/cqgclub.dyndns.org\/likyneko\/wp-json\/wp\/v2\/comments?post=174"}],"version-history":[{"count":2,"href":"https:\/\/cqgclub.dyndns.org\/likyneko\/wp-json\/wp\/v2\/pages\/174\/revisions"}],"predecessor-version":[{"id":435,"href":"https:\/\/cqgclub.dyndns.org\/likyneko\/wp-json\/wp\/v2\/pages\/174\/revisions\/435"}],"wp:attachment":[{"href":"https:\/\/cqgclub.dyndns.org\/likyneko\/wp-json\/wp\/v2\/media?parent=174"}],"curies":[{"name":"wp","href":"https:\/\/api.w.org\/{rel}","templated":true}]}}