{"id":176,"date":"2023-07-21T00:35:17","date_gmt":"2023-07-20T22:35:17","guid":{"rendered":"https:\/\/cqgclub.dyndns.org\/likyneko\/fontaine-a-eau-connectee-italiano\/"},"modified":"2023-09-03T12:04:17","modified_gmt":"2023-09-03T10:04:17","slug":"fontaine-a-eau-connectee-italiano","status":"publish","type":"page","link":"https:\/\/cqgclub.dyndns.org\/likyneko\/it\/fontaine-a-eau-connectee-italiano\/","title":{"rendered":"Fontaine \u00e0 eau connect\u00e9e &#8211; Italiano"},"content":{"rendered":"\n\n\t\t\t\t<img loading=\"lazy\" decoding=\"async\" src=\"https:\/\/cqgclub.dyndns.org\/likyneko\/wp-content\/uploads\/2023\/07\/logo.LikyNeko.gray_.png\" alt=\"logo.LikyNeko.gray\" itemprop=\"image\" height=\"517\" width=\"579\" title=\"logo.LikyNeko.gray\" onerror=\"this.style.display='none'\"  \/>\n<h1>\n\t\tFontana d&rsquo;acqua connessa<br \/> per animali domestici\n\t<\/h1>\n<p class=\"product woocommerce add_to_cart_inline \" style=\"border:4px solid #ccc; padding: 12px;\"><span class=\"woocommerce-Price-amount amount\"><bdi>79.90<span class=\"woocommerce-Price-currencySymbol\">&euro;<\/span><\/bdi><\/span><a href=\"\/likyneko\/wp-json\/wp\/v2\/pages\/176?add-to-cart=170\" aria-describedby=\"woocommerce_loop_add_to_cart_link_describedby_170\" data-quantity=\"1\" class=\"button product_type_simple add_to_cart_button ajax_add_to_cart\" data-product_id=\"170\" data-product_sku=\"FONT-C1-LK\" aria-label=\"Ajouter au panier\u00a0: &ldquo;Fontaine \u00e0 eau connect\u00e9e pour animaux de compagnie&rdquo;\" rel=\"nofollow\" data-success_message=\"\u00ab\u00a0Fontaine \u00e0 eau connect\u00e9e pour animaux de compagnie\u00a0\u00bb a \u00e9t\u00e9 ajout\u00e9 \u00e0 votre panier\" role=\"button\">Ajouter au panier<\/a>\t<span id=\"woocommerce_loop_add_to_cart_link_describedby_170\" class=\"screen-reader-text\">\n\t\t\t<\/span>\n<\/p>\n\t<p>Spedizione gratuita<\/p>\n\t<p>La fontana ideale per i vostri cani, gatti e gattini.<\/p>\n<p>Delizier\u00e0 anche furetti, roditori e uccelli.<\/p>\n\t\t\t\t<img loading=\"lazy\" decoding=\"async\" src=\"https:\/\/cqgclub.dyndns.org\/likyneko\/wp-content\/uploads\/2023\/07\/3-1-1024x1024.png\" alt=\"3\" itemprop=\"image\" height=\"1024\" width=\"1024\" title=\"3\" onerror=\"this.style.display='none'\"  \/>\n\t\t\t\t<img loading=\"lazy\" decoding=\"async\" src=\"https:\/\/cqgclub.dyndns.org\/likyneko\/wp-content\/uploads\/2023\/07\/Sans-titre-2_Plan-de-travail-1-copie-2-1-1024x1022.png\" alt=\"Illustration pour les animaux en bonne sant\u00e9\" itemprop=\"image\" height=\"1022\" width=\"1024\" title=\"Fontaine \u00e0 eau pour inciter \u00e0 s'hydrater\" onerror=\"this.style.display='none'\"  \/>\n<h2>\n\t\tAnimali in salute\n\t<\/h2>\n\t<ul>\n<li>Digestione, salute renale, regolazione della temperatura corporea, ecc.<\/li>\n<li>\nIl movimento dell&rsquo;acqua attira l&rsquo;attenzione e invoglia a bere\n<\/li>\n<li>L&rsquo;acqua corrente promuove un comportamento di idratazione naturale<\/li>\n<\/ul>\n<h2>\n\t\tGrande capacit\u00e0, 4 litri\n\t<\/h2>\n\t<ul>\n<li>Riempimenti meno frequenti\n<\/li>\n<li>Maggiore autonomia<\/li>\n<\/ul>\n\t\t\t\t<img loading=\"lazy\" decoding=\"async\" src=\"https:\/\/cqgclub.dyndns.org\/likyneko\/wp-content\/uploads\/2023\/07\/dog.png\" alt=\"dog\" itemprop=\"image\" height=\"1746\" width=\"1746\" title=\"dog\" onerror=\"this.style.display='none'\"  \/>\n\t\t\t\t<img loading=\"lazy\" decoding=\"async\" src=\"https:\/\/cqgclub.dyndns.org\/likyneko\/wp-content\/uploads\/2023\/06\/vue-filtre-eclate-1.png\" alt=\"vue-filtre-eclate\" itemprop=\"image\" height=\"1352\" width=\"927\" title=\"vue-filtre-eclate\" onerror=\"this.style.display='none'\"  \/>\n<h2>\n\t\tSistema di filtrazione\n\t<\/h2>\n<h3>\n\t\tFiltro antipolvere\n\t<\/h3>\n\t<p>Cattura residui alimentari, peli e polvere<\/p>\n<h3>\n\t\tAddolcitore d&rsquo;acqua\n\t<\/h3>\n\t<p>Con resina a scambio ionico<\/p>\n<h3>\n\t\tPurificatore d&rsquo;acqua\n\t<\/h3>\n\t<p>La maifanite, antibatterica, cattura coloranti e altri inquinanti come i metalli pesanti<\/p>\n<h3>\n\t\tCarbone vegetale attivo\n\t<\/h3>\n\t<p>Dalla buccia di cocco<\/p>\n<h3>\n\t\tFiltro per eliminare cattivo sapore e odori sgradevoli\n\t<\/h3>\n<h2>\n\t\tSilenziosa (&lt;30dB)\n\t<\/h2>\n\t<p>Meno rumorosa di una notte tranquilla<\/p>\n\t\t\t\t<img loading=\"lazy\" decoding=\"async\" src=\"https:\/\/cqgclub.dyndns.org\/likyneko\/wp-content\/uploads\/2023\/07\/silece_Plan-de-travail-1-copie_Plan-de-travail-1-copie.png\" alt=\"silece_Plan de travail 1 copie_Plan de travail 1 copie\" itemprop=\"image\" height=\"1752\" width=\"1755\" title=\"silece_Plan de travail 1 copie_Plan de travail 1 copie\" onerror=\"this.style.display='none'\"  \/>\n\t\t\t\t<img loading=\"lazy\" decoding=\"async\" src=\"https:\/\/cqgclub.dyndns.org\/likyneko\/wp-content\/uploads\/2023\/06\/vue-eclatee.png\" alt=\"vue-eclatee\" itemprop=\"image\" height=\"988\" width=\"796\" title=\"vue-eclatee\" onerror=\"this.style.display='none'\"  \/>\n<h2>\n\t\tFacile da pulire\n\t<\/h2>\n\t<ul>\n<li>Nessun angolo, piega o bordo difficile da raggiungere<\/li>\n<li>\nParti leggere, infrangibili e facili da maneggiare<\/li>\n<li>\nAdatto per la lavastoviglie<\/li>\n<\/ul>\n<h2>\n\t\tCon un&rsquo;app \u00e8 pi\u00f9 divertente\n\t<\/h2>\n\t<p>L&rsquo;app gratuita ti permette di:<\/p>\n<ul>\n<li>Creare avvisi sul livello dell&rsquo;acqua<\/li>\n<li>\nProgrammare promemoria per la manutenzione<\/li>\n<li>\nRegolare il flusso d&rsquo;acqua<\/li>\n<li>\nImpostare la frequenza e la durata di funzionamento<\/li>\n<\/ul>\n\t\t\t\t<img loading=\"lazy\" decoding=\"async\" src=\"https:\/\/cqgclub.dyndns.org\/likyneko\/wp-content\/uploads\/2023\/07\/HANDPHONE-e1689694386318-837x1024.png\" alt=\"HANDPHONE\" itemprop=\"image\" height=\"1024\" width=\"837\" title=\"HANDPHONE\" onerror=\"this.style.display='none'\"  \/>\n<h2>\n\t\tCapacit\u00e0\n\t<\/h2>\n<h2>\n\t\tPulizia facile\n\t<\/h2>\n<h2>\n\t\tSicura\n\t<\/h2>\n<h2>\n\t\tDuratura\n\t<\/h2>\n<h2>\n\t\tSilenziosa\n\t<\/h2>\n<h2>\n\t\tConnessa\n\t<\/h2>\n<h2>\n\t\tFiltrazione a 5 livelli\n\t<\/h2>\n<h2>\n\t\tCreato con amore\n\t<\/h2>\n\t\t\t\t<img loading=\"lazy\" decoding=\"async\" src=\"https:\/\/cqgclub.dyndns.org\/likyneko\/wp-content\/uploads\/2023\/06\/logo.LikyNeko.100x89.png\" alt=\"logo.LikyNeko.100x89\" itemprop=\"image\" height=\"89\" width=\"100\" title=\"logo.LikyNeko.100x89\" onerror=\"this.style.display='none'\"  \/>\n\t\t\t\t<img loading=\"lazy\" decoding=\"async\" src=\"https:\/\/cqgclub.dyndns.org\/likyneko\/wp-content\/uploads\/2023\/07\/TR-FONT-C1-LK.2200x1650-1024x768.png\" alt=\"TR-FONT-C1-LK.2200x1650\" itemprop=\"image\" height=\"768\" width=\"1024\" title=\"TR-FONT-C1-LK.2200x1650\" onerror=\"this.style.display='none'\"  \/>\n<p class=\"product woocommerce add_to_cart_inline \" style=\"border:4px solid #ccc; padding: 12px;\"><span class=\"woocommerce-Price-amount amount\"><bdi>79.90<span class=\"woocommerce-Price-currencySymbol\">&euro;<\/span><\/bdi><\/span><a href=\"\/likyneko\/wp-json\/wp\/v2\/pages\/176?add-to-cart=170\" aria-describedby=\"woocommerce_loop_add_to_cart_link_describedby_170\" data-quantity=\"1\" class=\"button product_type_simple add_to_cart_button ajax_add_to_cart\" data-product_id=\"170\" data-product_sku=\"FONT-C1-LK\" aria-label=\"Ajouter au panier\u00a0: &ldquo;Fontaine \u00e0 eau connect\u00e9e pour animaux de compagnie&rdquo;\" rel=\"nofollow\" data-success_message=\"\u00ab\u00a0Fontaine \u00e0 eau connect\u00e9e pour animaux de compagnie\u00a0\u00bb a \u00e9t\u00e9 ajout\u00e9 \u00e0 votre panier\" role=\"button\">Ajouter au panier<\/a>\t<span id=\"woocommerce_loop_add_to_cart_link_describedby_170\" class=\"screen-reader-text\">\n\t\t\t<\/span>\n<\/p>\n\t<p>Spedizione gratuita<\/p>\n<h2>\n\t\tAccessori\n\t<\/h2>\n<div class=\"woocommerce \"><ul class=\"products columns-1\">\n<li class=\"product type-product post-390 status-publish first instock product_cat-fontaine-a-eau has-post-thumbnail taxable shipping-taxable purchasable product-type-simple\">\n\t<a href=\"https:\/\/cqgclub.dyndns.org\/likyneko\/it\/produit\/lot-de-4-filtres-de-remplacement-pour-fontaine-connectee\/\" class=\"woocommerce-LoopProduct-link woocommerce-loop-product__link\"><img loading=\"lazy\" decoding=\"async\" width=\"300\" height=\"300\" src=\"https:\/\/cqgclub.dyndns.org\/likyneko\/wp-content\/uploads\/2023\/08\/MAIN-filtre.2000-300x300.jpg\" class=\"attachment-woocommerce_thumbnail size-woocommerce_thumbnail\" alt=\"Pacco da 4 filtri per fontana d&#039;acqua\" srcset=\"https:\/\/cqgclub.dyndns.org\/likyneko\/wp-content\/uploads\/2023\/08\/MAIN-filtre.2000-300x300.jpg 300w, https:\/\/cqgclub.dyndns.org\/likyneko\/wp-content\/uploads\/2023\/08\/MAIN-filtre.2000-1024x1024.jpg 1024w, https:\/\/cqgclub.dyndns.org\/likyneko\/wp-content\/uploads\/2023\/08\/MAIN-filtre.2000-150x150.jpg 150w, https:\/\/cqgclub.dyndns.org\/likyneko\/wp-content\/uploads\/2023\/08\/MAIN-filtre.2000-768x768.jpg 768w, https:\/\/cqgclub.dyndns.org\/likyneko\/wp-content\/uploads\/2023\/08\/MAIN-filtre.2000-1536x1536.jpg 1536w, https:\/\/cqgclub.dyndns.org\/likyneko\/wp-content\/uploads\/2023\/08\/MAIN-filtre.2000-600x600.jpg 600w, https:\/\/cqgclub.dyndns.org\/likyneko\/wp-content\/uploads\/2023\/08\/MAIN-filtre.2000-100x100.jpg 100w, https:\/\/cqgclub.dyndns.org\/likyneko\/wp-content\/uploads\/2023\/08\/MAIN-filtre.2000.jpg 2000w\" sizes=\"auto, (max-width: 300px) 100vw, 300px\" \/><h2 class=\"woocommerce-loop-product__title\">Pacco da 4 filtri per fontana d&rsquo;acqua<\/h2>\n\t<span class=\"price\"><span class=\"woocommerce-Price-amount amount\"><bdi>12.90<span class=\"woocommerce-Price-currencySymbol\">&euro;<\/span><\/bdi><\/span><\/span>\n<\/a><a href=\"\/likyneko\/wp-json\/wp\/v2\/pages\/176?add-to-cart=390\" aria-describedby=\"woocommerce_loop_add_to_cart_link_describedby_390\" data-quantity=\"1\" class=\"button product_type_simple add_to_cart_button ajax_add_to_cart\" data-product_id=\"390\" data-product_sku=\"FP-C1-LK\" aria-label=\"Ajouter au panier\u00a0: &ldquo;Pacco da 4 filtri per fontana d&#039;acqua&rdquo;\" rel=\"nofollow\" data-success_message=\"\u00ab\u00a0Pacco da 4 filtri per fontana d&#039;acqua\u00a0\u00bb a \u00e9t\u00e9 ajout\u00e9 \u00e0 votre panier\" role=\"button\">Ajouter au panier<\/a>\t<span id=\"woocommerce_loop_add_to_cart_link_describedby_390\" class=\"screen-reader-text\">\n\t\t\t<\/span>\n<\/li>\n<\/ul>\n<\/div>\n","protected":false},"excerpt":{"rendered":"<p>Fontana d&rsquo;acqua connessa per animali domestici Spedizione gratuita La fontana ideale per i vostri cani, gatti e gattini. Delizier\u00e0 anche furetti, roditori e uccelli. Animali in salute Digestione, salute renale, regolazione della temperatura corporea, ecc. Il movimento dell&rsquo;acqua attira l&rsquo;attenzione e invoglia a bere L&rsquo;acqua corrente promuove un comportamento di idratazione naturale Grande capacit\u00e0, 4&hellip;<\/p>\n","protected":false},"author":1,"featured_media":0,"parent":0,"menu_order":0,"comment_status":"closed","ping_status":"closed","template":"","meta":{"footnotes":""},"class_list":["post-176","page","type-page","status-publish","hentry"],"lang":"it","translations":{"it":176,"fr":5,"en":174,"de":175,"es":177,"pl":178,"tr":179,"sv":180,"nl":181,"cs":182},"pll_sync_post":[],"_links":{"self":[{"href":"https:\/\/cqgclub.dyndns.org\/likyneko\/wp-json\/wp\/v2\/pages\/176","targetHints":{"allow":["GET"]}}],"collection":[{"href":"https:\/\/cqgclub.dyndns.org\/likyneko\/wp-json\/wp\/v2\/pages"}],"about":[{"href":"https:\/\/cqgclub.dyndns.org\/likyneko\/wp-json\/wp\/v2\/types\/page"}],"author":[{"embeddable":true,"href":"https:\/\/cqgclub.dyndns.org\/likyneko\/wp-json\/wp\/v2\/users\/1"}],"replies":[{"embeddable":true,"href":"https:\/\/cqgclub.dyndns.org\/likyneko\/wp-json\/wp\/v2\/comments?post=176"}],"version-history":[{"count":2,"href":"https:\/\/cqgclub.dyndns.org\/likyneko\/wp-json\/wp\/v2\/pages\/176\/revisions"}],"predecessor-version":[{"id":428,"href":"https:\/\/cqgclub.dyndns.org\/likyneko\/wp-json\/wp\/v2\/pages\/176\/revisions\/428"}],"wp:attachment":[{"href":"https:\/\/cqgclub.dyndns.org\/likyneko\/wp-json\/wp\/v2\/media?parent=176"}],"curies":[{"name":"wp","href":"https:\/\/api.w.org\/{rel}","templated":true}]}}