{"id":177,"date":"2023-07-21T00:35:17","date_gmt":"2023-07-20T22:35:17","guid":{"rendered":"https:\/\/cqgclub.dyndns.org\/likyneko\/fontaine-a-eau-connectee-espanol\/"},"modified":"2023-09-03T12:05:22","modified_gmt":"2023-09-03T10:05:22","slug":"fontaine-a-eau-connectee-espanol","status":"publish","type":"page","link":"https:\/\/cqgclub.dyndns.org\/likyneko\/es\/fontaine-a-eau-connectee-espanol\/","title":{"rendered":"Fontaine \u00e0 eau connect\u00e9e &#8211; Espa\u00f1ol"},"content":{"rendered":"\n\n\t\t\t\t<img loading=\"lazy\" decoding=\"async\" src=\"https:\/\/cqgclub.dyndns.org\/likyneko\/wp-content\/uploads\/2023\/07\/logo.LikyNeko.gray_.png\" alt=\"logo.LikyNeko.gray\" itemprop=\"image\" height=\"517\" width=\"579\" title=\"logo.LikyNeko.gray\" onerror=\"this.style.display='none'\"  \/>\n<h1>\n\t\tFuente de agua conectada<br \/> para mascotas\n\t<\/h1>\n<p class=\"product woocommerce add_to_cart_inline \" style=\"border:4px solid #ccc; padding: 12px;\"><span class=\"woocommerce-Price-amount amount\"><bdi>79.90<span class=\"woocommerce-Price-currencySymbol\">&euro;<\/span><\/bdi><\/span><a href=\"\/likyneko\/wp-json\/wp\/v2\/pages\/177?add-to-cart=170\" aria-describedby=\"woocommerce_loop_add_to_cart_link_describedby_170\" data-quantity=\"1\" class=\"button product_type_simple add_to_cart_button ajax_add_to_cart\" data-product_id=\"170\" data-product_sku=\"FONT-C1-LK\" aria-label=\"Ajouter au panier\u00a0: &ldquo;Fontaine \u00e0 eau connect\u00e9e pour animaux de compagnie&rdquo;\" rel=\"nofollow\" data-success_message=\"\u00ab\u00a0Fontaine \u00e0 eau connect\u00e9e pour animaux de compagnie\u00a0\u00bb a \u00e9t\u00e9 ajout\u00e9 \u00e0 votre panier\" role=\"button\">Ajouter au panier<\/a>\t<span id=\"woocommerce_loop_add_to_cart_link_describedby_170\" class=\"screen-reader-text\">\n\t\t\t<\/span>\n<\/p>\n\t<p>Env\u00edo gratuito<\/p>\n\t<p>La fuente ideal para tus perros, gatos y gatitos.<\/p>\n<p>Tambi\u00e9n encantar\u00e1 a los hurones, roedores y aves.<\/p>\n\t\t\t\t<img loading=\"lazy\" decoding=\"async\" src=\"https:\/\/cqgclub.dyndns.org\/likyneko\/wp-content\/uploads\/2023\/07\/3-1-1024x1024.png\" alt=\"3\" itemprop=\"image\" height=\"1024\" width=\"1024\" title=\"3\" onerror=\"this.style.display='none'\"  \/>\n\t\t\t\t<img loading=\"lazy\" decoding=\"async\" src=\"https:\/\/cqgclub.dyndns.org\/likyneko\/wp-content\/uploads\/2023\/07\/Sans-titre-2_Plan-de-travail-1-copie-2-1-1024x1022.png\" alt=\"Illustration pour les animaux en bonne sant\u00e9\" itemprop=\"image\" height=\"1022\" width=\"1024\" title=\"Fontaine \u00e0 eau pour inciter \u00e0 s'hydrater\" onerror=\"this.style.display='none'\"  \/>\n<h2>\n\t\tAnimales saludables\n\t<\/h2>\n\t<ul>\n<li>Digesti\u00f3n, salud renal, regulaci\u00f3n de la temperatura corporal, etc.<\/li>\n<li>\nEl movimiento del agua atrae la atenci\u00f3n e incita a beber<\/li>\n<li>\nEl agua corriente fomenta un comportamiento natural de hidrataci\u00f3n<\/li>\n<\/ul>\n<h2>\n\t\tGran capacidad, 4 litros\n\t<\/h2>\n\t<ul>\n<li>Rellenos menos frecuentes\n<\/li>\n<li>Mejor autonom\u00eda<\/li>\n<\/ul>\n\t\t\t\t<img loading=\"lazy\" decoding=\"async\" src=\"https:\/\/cqgclub.dyndns.org\/likyneko\/wp-content\/uploads\/2023\/07\/dog.png\" alt=\"dog\" itemprop=\"image\" height=\"1746\" width=\"1746\" title=\"dog\" onerror=\"this.style.display='none'\"  \/>\n\t\t\t\t<img loading=\"lazy\" decoding=\"async\" src=\"https:\/\/cqgclub.dyndns.org\/likyneko\/wp-content\/uploads\/2023\/06\/vue-filtre-eclate-1.png\" alt=\"vue-filtre-eclate\" itemprop=\"image\" height=\"1352\" width=\"927\" title=\"vue-filtre-eclate\" onerror=\"this.style.display='none'\"  \/>\n<h2>\n\t\tSistema de filtrado\n\t<\/h2>\n<h3>\n\t\tFiltro de polvo\n\t<\/h3>\n\t<p>Captura residuos de alimentos, pelos y polvo<\/p>\n<h3>\n\t\tSuavizador de agua\n\t<\/h3>\n\t<p>Con resina de intercambio i\u00f3nico<\/p>\n<h3>\n\t\tPurificador de agua\n\t<\/h3>\n\t<p>La maifanita, antibacteriana, atrapa tintes y otros contaminantes como metales pesados<\/p>\n<h3>\n\t\tCarb\u00f3n vegetal activado\n\t<\/h3>\n\t<p>De c\u00e1scara de coco<\/p>\n<h3>\n\t\tFiltro para eliminar mal sabor y malos olores\n\t<\/h3>\n<h2>\n\t\tSilenciosa (&lt;30dB)\n\t<\/h2>\n\t<p>Menos ruidosa que una noche tranquila<\/p>\n\t\t\t\t<img loading=\"lazy\" decoding=\"async\" src=\"https:\/\/cqgclub.dyndns.org\/likyneko\/wp-content\/uploads\/2023\/07\/silece_Plan-de-travail-1-copie_Plan-de-travail-1-copie.png\" alt=\"silece_Plan de travail 1 copie_Plan de travail 1 copie\" itemprop=\"image\" height=\"1752\" width=\"1755\" title=\"silece_Plan de travail 1 copie_Plan de travail 1 copie\" onerror=\"this.style.display='none'\"  \/>\n\t\t\t\t<img loading=\"lazy\" decoding=\"async\" src=\"https:\/\/cqgclub.dyndns.org\/likyneko\/wp-content\/uploads\/2023\/06\/vue-eclatee.png\" alt=\"vue-eclatee\" itemprop=\"image\" height=\"988\" width=\"796\" title=\"vue-eclatee\" onerror=\"this.style.display='none'\"  \/>\n<h2>\n\t\tF\u00e1cil de limpiar\n\t<\/h2>\n\t<ul>\n<li>Sin rincones, pliegues o bordes dif\u00edciles de acceder\n<\/li>\n<li>Piezas ligeras, irrompibles y f\u00e1ciles de manejar\n<\/li>\n<li>Apto para lavavajillas<\/li>\n<\/ul>\n<h2>\n\t\tCon una app es m\u00e1s ch\u00e9vere\n\t<\/h2>\n\t<p>La aplicaci\u00f3n gratuita te permite:<\/p>\n<ul>\n<li>\nCrear alertas de nivel de agua<\/li>\n<li>\nProgramar recordatorios de mantenimiento<\/li>\n<li>\nAjustar el flujo de agua<\/li>\n<li>\nConfigurar la frecuencia y duraci\u00f3n de funcionamiento<\/li>\n<\/ul>\n\t\t\t\t<img loading=\"lazy\" decoding=\"async\" src=\"https:\/\/cqgclub.dyndns.org\/likyneko\/wp-content\/uploads\/2023\/07\/HANDPHONE-e1689694386318-837x1024.png\" alt=\"HANDPHONE\" itemprop=\"image\" height=\"1024\" width=\"837\" title=\"HANDPHONE\" onerror=\"this.style.display='none'\"  \/>\n<h2>\n\t\tCapacidad\n\t<\/h2>\n<h2>\n\t\tLimpieza f\u00e1cil\n\t<\/h2>\n<h2>\n\t\tSegura\n\t<\/h2>\n<h2>\n\t\tDuradera\n\t<\/h2>\n<h2>\n\t\tSilenciosa\n\t<\/h2>\n<h2>\n\t\tConectada\n\t<\/h2>\n<h2>\n\t\tFiltraci\u00f3n de 5 niveles\n\t<\/h2>\n<h2>\n\t\tHecho con amor\n\t<\/h2>\n\t\t\t\t<img loading=\"lazy\" decoding=\"async\" src=\"https:\/\/cqgclub.dyndns.org\/likyneko\/wp-content\/uploads\/2023\/06\/logo.LikyNeko.100x89.png\" alt=\"logo.LikyNeko.100x89\" itemprop=\"image\" height=\"89\" width=\"100\" title=\"logo.LikyNeko.100x89\" onerror=\"this.style.display='none'\"  \/>\n\t\t\t\t<img loading=\"lazy\" decoding=\"async\" src=\"https:\/\/cqgclub.dyndns.org\/likyneko\/wp-content\/uploads\/2023\/07\/TR-FONT-C1-LK.2200x1650-1024x768.png\" alt=\"TR-FONT-C1-LK.2200x1650\" itemprop=\"image\" height=\"768\" width=\"1024\" title=\"TR-FONT-C1-LK.2200x1650\" onerror=\"this.style.display='none'\"  \/>\n<p class=\"product woocommerce add_to_cart_inline \" style=\"border:4px solid #ccc; padding: 12px;\"><span class=\"woocommerce-Price-amount amount\"><bdi>79.90<span class=\"woocommerce-Price-currencySymbol\">&euro;<\/span><\/bdi><\/span><a href=\"\/likyneko\/wp-json\/wp\/v2\/pages\/177?add-to-cart=170\" aria-describedby=\"woocommerce_loop_add_to_cart_link_describedby_170\" data-quantity=\"1\" class=\"button product_type_simple add_to_cart_button ajax_add_to_cart\" data-product_id=\"170\" data-product_sku=\"FONT-C1-LK\" aria-label=\"Ajouter au panier\u00a0: &ldquo;Fontaine \u00e0 eau connect\u00e9e pour animaux de compagnie&rdquo;\" rel=\"nofollow\" data-success_message=\"\u00ab\u00a0Fontaine \u00e0 eau connect\u00e9e pour animaux de compagnie\u00a0\u00bb a \u00e9t\u00e9 ajout\u00e9 \u00e0 votre panier\" role=\"button\">Ajouter au panier<\/a>\t<span id=\"woocommerce_loop_add_to_cart_link_describedby_170\" class=\"screen-reader-text\">\n\t\t\t<\/span>\n<\/p>\n\t<p>Env\u00edo gratuito<\/p>\n<h2>\n\t\tAccesorios\n\t<\/h2>\n<div class=\"woocommerce \"><ul class=\"products columns-1\">\n<li class=\"product type-product post-394 status-publish first instock product_cat-fontaine-a-eau has-post-thumbnail taxable shipping-taxable purchasable product-type-simple\">\n\t<a href=\"https:\/\/cqgclub.dyndns.org\/likyneko\/es\/produit\/lot-de-4-filtres-de-remplacement-pour-fontaine-connectee\/\" class=\"woocommerce-LoopProduct-link woocommerce-loop-product__link\"><img loading=\"lazy\" decoding=\"async\" width=\"300\" height=\"300\" src=\"https:\/\/cqgclub.dyndns.org\/likyneko\/wp-content\/uploads\/2023\/08\/MAIN-filtre.2000-300x300.jpg\" class=\"attachment-woocommerce_thumbnail size-woocommerce_thumbnail\" alt=\"Paquete de 4 filtros para fuente de agua\" srcset=\"https:\/\/cqgclub.dyndns.org\/likyneko\/wp-content\/uploads\/2023\/08\/MAIN-filtre.2000-300x300.jpg 300w, https:\/\/cqgclub.dyndns.org\/likyneko\/wp-content\/uploads\/2023\/08\/MAIN-filtre.2000-1024x1024.jpg 1024w, https:\/\/cqgclub.dyndns.org\/likyneko\/wp-content\/uploads\/2023\/08\/MAIN-filtre.2000-150x150.jpg 150w, https:\/\/cqgclub.dyndns.org\/likyneko\/wp-content\/uploads\/2023\/08\/MAIN-filtre.2000-768x768.jpg 768w, https:\/\/cqgclub.dyndns.org\/likyneko\/wp-content\/uploads\/2023\/08\/MAIN-filtre.2000-1536x1536.jpg 1536w, https:\/\/cqgclub.dyndns.org\/likyneko\/wp-content\/uploads\/2023\/08\/MAIN-filtre.2000-600x600.jpg 600w, https:\/\/cqgclub.dyndns.org\/likyneko\/wp-content\/uploads\/2023\/08\/MAIN-filtre.2000-100x100.jpg 100w, https:\/\/cqgclub.dyndns.org\/likyneko\/wp-content\/uploads\/2023\/08\/MAIN-filtre.2000.jpg 2000w\" sizes=\"auto, (max-width: 300px) 100vw, 300px\" \/><h2 class=\"woocommerce-loop-product__title\">Paquete de 4 filtros para fuente de agua<\/h2>\n\t<span class=\"price\"><span class=\"woocommerce-Price-amount amount\"><bdi>12.90<span class=\"woocommerce-Price-currencySymbol\">&euro;<\/span><\/bdi><\/span><\/span>\n<\/a><a href=\"\/likyneko\/wp-json\/wp\/v2\/pages\/177?add-to-cart=394\" aria-describedby=\"woocommerce_loop_add_to_cart_link_describedby_394\" data-quantity=\"1\" class=\"button product_type_simple add_to_cart_button ajax_add_to_cart\" data-product_id=\"394\" data-product_sku=\"FP-C1-LK\" aria-label=\"Ajouter au panier\u00a0: &ldquo;Paquete de 4 filtros para fuente de agua&rdquo;\" rel=\"nofollow\" data-success_message=\"\u00ab\u00a0Paquete de 4 filtros para fuente de agua\u00a0\u00bb a \u00e9t\u00e9 ajout\u00e9 \u00e0 votre panier\" role=\"button\">Ajouter au panier<\/a>\t<span id=\"woocommerce_loop_add_to_cart_link_describedby_394\" class=\"screen-reader-text\">\n\t\t\t<\/span>\n<\/li>\n<\/ul>\n<\/div>\n","protected":false},"excerpt":{"rendered":"<p>Fuente de agua conectada para mascotas Env\u00edo gratuito La fuente ideal para tus perros, gatos y gatitos. Tambi\u00e9n encantar\u00e1 a los hurones, roedores y aves. Animales saludables Digesti\u00f3n, salud renal, regulaci\u00f3n de la temperatura corporal, etc. El movimiento del agua atrae la atenci\u00f3n e incita a beber El agua corriente fomenta un comportamiento natural de&hellip;<\/p>\n","protected":false},"author":1,"featured_media":0,"parent":0,"menu_order":0,"comment_status":"closed","ping_status":"closed","template":"","meta":{"footnotes":""},"class_list":["post-177","page","type-page","status-publish","hentry"],"lang":"es","translations":{"es":177,"fr":5,"en":174,"de":175,"it":176,"pl":178,"tr":179,"sv":180,"nl":181,"cs":182},"pll_sync_post":[],"_links":{"self":[{"href":"https:\/\/cqgclub.dyndns.org\/likyneko\/wp-json\/wp\/v2\/pages\/177","targetHints":{"allow":["GET"]}}],"collection":[{"href":"https:\/\/cqgclub.dyndns.org\/likyneko\/wp-json\/wp\/v2\/pages"}],"about":[{"href":"https:\/\/cqgclub.dyndns.org\/likyneko\/wp-json\/wp\/v2\/types\/page"}],"author":[{"embeddable":true,"href":"https:\/\/cqgclub.dyndns.org\/likyneko\/wp-json\/wp\/v2\/users\/1"}],"replies":[{"embeddable":true,"href":"https:\/\/cqgclub.dyndns.org\/likyneko\/wp-json\/wp\/v2\/comments?post=177"}],"version-history":[{"count":2,"href":"https:\/\/cqgclub.dyndns.org\/likyneko\/wp-json\/wp\/v2\/pages\/177\/revisions"}],"predecessor-version":[{"id":429,"href":"https:\/\/cqgclub.dyndns.org\/likyneko\/wp-json\/wp\/v2\/pages\/177\/revisions\/429"}],"wp:attachment":[{"href":"https:\/\/cqgclub.dyndns.org\/likyneko\/wp-json\/wp\/v2\/media?parent=177"}],"curies":[{"name":"wp","href":"https:\/\/api.w.org\/{rel}","templated":true}]}}