{"id":178,"date":"2023-07-21T00:35:17","date_gmt":"2023-07-20T22:35:17","guid":{"rendered":"https:\/\/cqgclub.dyndns.org\/likyneko\/fontaine-a-eau-connectee-polski\/"},"modified":"2023-09-03T12:08:19","modified_gmt":"2023-09-03T10:08:19","slug":"fontaine-a-eau-connectee-polski","status":"publish","type":"page","link":"https:\/\/cqgclub.dyndns.org\/likyneko\/pl\/fontaine-a-eau-connectee-polski\/","title":{"rendered":"Fontaine \u00e0 eau connect\u00e9e &#8211; Polski"},"content":{"rendered":"\n\n\t\t\t\t<img loading=\"lazy\" decoding=\"async\" src=\"https:\/\/cqgclub.dyndns.org\/likyneko\/wp-content\/uploads\/2023\/07\/logo.LikyNeko.gray_.png\" alt=\"logo.LikyNeko.gray\" itemprop=\"image\" height=\"517\" width=\"579\" title=\"logo.LikyNeko.gray\" onerror=\"this.style.display='none'\"  \/>\n<h1>\n\t\tPo\u0142\u0105czony fontanna wody<br \/> dla zwierz\u0105t domowych\n\t<\/h1>\n<p class=\"product woocommerce add_to_cart_inline \" style=\"border:4px solid #ccc; padding: 12px;\"><span class=\"woocommerce-Price-amount amount\"><bdi>79.90<span class=\"woocommerce-Price-currencySymbol\">&euro;<\/span><\/bdi><\/span><a href=\"\/likyneko\/wp-json\/wp\/v2\/pages\/178?add-to-cart=170\" aria-describedby=\"woocommerce_loop_add_to_cart_link_describedby_170\" data-quantity=\"1\" class=\"button product_type_simple add_to_cart_button ajax_add_to_cart\" data-product_id=\"170\" data-product_sku=\"FONT-C1-LK\" aria-label=\"Ajouter au panier\u00a0: &ldquo;Fontaine \u00e0 eau connect\u00e9e pour animaux de compagnie&rdquo;\" rel=\"nofollow\" data-success_message=\"\u00ab\u00a0Fontaine \u00e0 eau connect\u00e9e pour animaux de compagnie\u00a0\u00bb a \u00e9t\u00e9 ajout\u00e9 \u00e0 votre panier\" role=\"button\">Ajouter au panier<\/a>\t<span id=\"woocommerce_loop_add_to_cart_link_describedby_170\" class=\"screen-reader-text\">\n\t\t\t<\/span>\n<\/p>\n\t<p>Darmowa dostawa<\/p>\n\t<p>Idealna fontanna dla Twoich ps\u00f3w, kot\u00f3w i koci\u0105t.<\/p>\n<p>Zachwyci r\u00f3wnie\u017c fretki, gryzonie i ptaki.<\/p>\n\t\t\t\t<img loading=\"lazy\" decoding=\"async\" src=\"https:\/\/cqgclub.dyndns.org\/likyneko\/wp-content\/uploads\/2023\/07\/3-1-1024x1024.png\" alt=\"3\" itemprop=\"image\" height=\"1024\" width=\"1024\" title=\"3\" onerror=\"this.style.display='none'\"  \/>\n\t\t\t\t<img loading=\"lazy\" decoding=\"async\" src=\"https:\/\/cqgclub.dyndns.org\/likyneko\/wp-content\/uploads\/2023\/07\/Sans-titre-2_Plan-de-travail-1-copie-2-1-1024x1022.png\" alt=\"Illustration pour les animaux en bonne sant\u00e9\" itemprop=\"image\" height=\"1022\" width=\"1024\" title=\"Fontaine \u00e0 eau pour inciter \u00e0 s'hydrater\" onerror=\"this.style.display='none'\"  \/>\n<h2>\n\t\tZdrowe zwierz\u0119ta\n\t<\/h2>\n\t<ul>\n<li>Trawienie, zdrowie nerek, regulacja temperatury cia\u0142a, itp.<\/li>\n<li>\nRuch wody przyci\u0105ga uwag\u0119 i zach\u0119ca do picia<\/li>\n<li>\nBie\u017c\u0105ca woda promuje naturalne zachowanie nawadniania<\/li>\n<\/ul>\n<h2>\n\t\tDu\u017ca pojemno\u015b\u0107, 4 litry\n\t<\/h2>\n\t<ul>\n<li>Mniej cz\u0119ste uzupe\u0142nianie\n<\/li>\n<li>Lepsza autonomia<\/li>\n<\/ul>\n\t\t\t\t<img loading=\"lazy\" decoding=\"async\" src=\"https:\/\/cqgclub.dyndns.org\/likyneko\/wp-content\/uploads\/2023\/07\/dog.png\" alt=\"dog\" itemprop=\"image\" height=\"1746\" width=\"1746\" title=\"dog\" onerror=\"this.style.display='none'\"  \/>\n\t\t\t\t<img loading=\"lazy\" decoding=\"async\" src=\"https:\/\/cqgclub.dyndns.org\/likyneko\/wp-content\/uploads\/2023\/06\/vue-filtre-eclate-1.png\" alt=\"vue-filtre-eclate\" itemprop=\"image\" height=\"1352\" width=\"927\" title=\"vue-filtre-eclate\" onerror=\"this.style.display='none'\"  \/>\n<h2>\n\t\tSystem filtracji\n\t<\/h2>\n<h3>\n\t\tFiltr przeciwpy\u0142owy\n\t<\/h3>\n\t<p>Z\u0142apuje resztki jedzenia, w\u0142osy i kurz<\/p>\n<h3>\n\t\tZmi\u0119kczacz wody\n\t<\/h3>\n\t<p>Z \u017cywic\u0105 jonowymienn\u0105<\/p>\n<h3>\n\t\tOczyszczacz wody\n\t<\/h3>\n\t<p>Maifanit, antybakteryjny, chwyta barwniki i inne zanieczyszczenia, takie jak metale ci\u0119\u017ckie<\/p>\n<h3>\n\t\tAktywowany w\u0119giel drzewny\n\t<\/h3>\n\t<p>Z \u0142upiny kokosa<\/p>\n<h3>\n\t\tFiltr usuwaj\u0105cy nieprzyjemny smak i zapach\n\t<\/h3>\n<h2>\n\t\tCicha (&lt;30dB)\n\t<\/h2>\n\t<p>Mniej ha\u0142a\u015bliwa ni\u017c spokojna noc<\/p>\n\t\t\t\t<img loading=\"lazy\" decoding=\"async\" src=\"https:\/\/cqgclub.dyndns.org\/likyneko\/wp-content\/uploads\/2023\/07\/silece_Plan-de-travail-1-copie_Plan-de-travail-1-copie.png\" alt=\"silece_Plan de travail 1 copie_Plan de travail 1 copie\" itemprop=\"image\" height=\"1752\" width=\"1755\" title=\"silece_Plan de travail 1 copie_Plan de travail 1 copie\" onerror=\"this.style.display='none'\"  \/>\n\t\t\t\t<img loading=\"lazy\" decoding=\"async\" src=\"https:\/\/cqgclub.dyndns.org\/likyneko\/wp-content\/uploads\/2023\/06\/vue-eclatee.png\" alt=\"vue-eclatee\" itemprop=\"image\" height=\"988\" width=\"796\" title=\"vue-eclatee\" onerror=\"this.style.display='none'\"  \/>\n<h2>\n\t\t\u0141atwe do czyszczenia\n\t<\/h2>\n\t<ul>\n<li>Brak zakamark\u00f3w, zgi\u0119\u0107 czy trudno dost\u0119pnych kraw\u0119dzi<\/li>\n<li>\nLekkie, niezniszczalne cz\u0119\u015bci, \u0142atwe do obs\u0142ugi<\/li>\n<li>\nMo\u017cna my\u0107 w zmywarce<\/li>\n<\/ul>\n<h2>\n\t\tZ aplikacj\u0105 jest przyjemniej\n\t<\/h2>\n\t<p>Darmowa aplikacja pozwala na:<\/p>\n<ul>\n<li>\nUstawianie alert\u00f3w poziomu wody<\/li>\n<li>\nProgramowanie przypomnie\u0144 o konserwacji<\/li>\n<li>\nRegulowanie przep\u0142ywu wody<\/li>\n<li>\nUstawianie cz\u0119stotliwo\u015bci i czasu pracy<\/li>\n<\/ul>\n\t\t\t\t<img loading=\"lazy\" decoding=\"async\" src=\"https:\/\/cqgclub.dyndns.org\/likyneko\/wp-content\/uploads\/2023\/07\/HANDPHONE-e1689694386318-837x1024.png\" alt=\"HANDPHONE\" itemprop=\"image\" height=\"1024\" width=\"837\" title=\"HANDPHONE\" onerror=\"this.style.display='none'\"  \/>\n<h2>\n\t\tPojemno\u015b\u0107\n\t<\/h2>\n<h2>\n\t\tProste czyszczenie\n\t<\/h2>\n<h2>\n\t\tBezpieczna\n\t<\/h2>\n<h2>\n\t\tTrwa\u0142a\n\t<\/h2>\n<h2>\n\t\tCicha\n\t<\/h2>\n<h2>\n\t\tPod\u0142\u0105czona\n\t<\/h2>\n<h2>\n\t\tFiltracja na 5 poziom\u00f3w\n\t<\/h2>\n<h2>\n\t\tStworzone z mi\u0142o\u015bci\u0105\n\t<\/h2>\n\t\t\t\t<img loading=\"lazy\" decoding=\"async\" src=\"https:\/\/cqgclub.dyndns.org\/likyneko\/wp-content\/uploads\/2023\/06\/logo.LikyNeko.100x89.png\" alt=\"logo.LikyNeko.100x89\" itemprop=\"image\" height=\"89\" width=\"100\" title=\"logo.LikyNeko.100x89\" onerror=\"this.style.display='none'\"  \/>\n\t\t\t\t<img loading=\"lazy\" decoding=\"async\" src=\"https:\/\/cqgclub.dyndns.org\/likyneko\/wp-content\/uploads\/2023\/07\/TR-FONT-C1-LK.2200x1650-1024x768.png\" alt=\"TR-FONT-C1-LK.2200x1650\" itemprop=\"image\" height=\"768\" width=\"1024\" title=\"TR-FONT-C1-LK.2200x1650\" onerror=\"this.style.display='none'\"  \/>\n<p class=\"product woocommerce add_to_cart_inline \" style=\"border:4px solid #ccc; padding: 12px;\"><span class=\"woocommerce-Price-amount amount\"><bdi>79.90<span class=\"woocommerce-Price-currencySymbol\">&euro;<\/span><\/bdi><\/span><a href=\"\/likyneko\/wp-json\/wp\/v2\/pages\/178?add-to-cart=170\" aria-describedby=\"woocommerce_loop_add_to_cart_link_describedby_170\" data-quantity=\"1\" class=\"button product_type_simple add_to_cart_button ajax_add_to_cart\" data-product_id=\"170\" data-product_sku=\"FONT-C1-LK\" aria-label=\"Ajouter au panier\u00a0: &ldquo;Fontaine \u00e0 eau connect\u00e9e pour animaux de compagnie&rdquo;\" rel=\"nofollow\" data-success_message=\"\u00ab\u00a0Fontaine \u00e0 eau connect\u00e9e pour animaux de compagnie\u00a0\u00bb a \u00e9t\u00e9 ajout\u00e9 \u00e0 votre panier\" role=\"button\">Ajouter au panier<\/a>\t<span id=\"woocommerce_loop_add_to_cart_link_describedby_170\" class=\"screen-reader-text\">\n\t\t\t<\/span>\n<\/p>\n\t<p>Darmowa dostawa<\/p>\n<h2>\n\t\tAkcesoria\n\t<\/h2>\n<div class=\"woocommerce \"><ul class=\"products columns-1\">\n<li class=\"product type-product post-398 status-publish first instock product_cat-fontaine-a-eau has-post-thumbnail taxable shipping-taxable purchasable product-type-simple\">\n\t<a href=\"https:\/\/cqgclub.dyndns.org\/likyneko\/pl\/produit\/lot-de-4-filtres-de-remplacement-pour-fontaine-connectee\/\" class=\"woocommerce-LoopProduct-link woocommerce-loop-product__link\"><img loading=\"lazy\" decoding=\"async\" width=\"300\" height=\"300\" src=\"https:\/\/cqgclub.dyndns.org\/likyneko\/wp-content\/uploads\/2023\/08\/MAIN-filtre.2000-300x300.jpg\" class=\"attachment-woocommerce_thumbnail size-woocommerce_thumbnail\" alt=\"Zestaw 4 filtry do fontanny wodnej\" srcset=\"https:\/\/cqgclub.dyndns.org\/likyneko\/wp-content\/uploads\/2023\/08\/MAIN-filtre.2000-300x300.jpg 300w, https:\/\/cqgclub.dyndns.org\/likyneko\/wp-content\/uploads\/2023\/08\/MAIN-filtre.2000-1024x1024.jpg 1024w, https:\/\/cqgclub.dyndns.org\/likyneko\/wp-content\/uploads\/2023\/08\/MAIN-filtre.2000-150x150.jpg 150w, https:\/\/cqgclub.dyndns.org\/likyneko\/wp-content\/uploads\/2023\/08\/MAIN-filtre.2000-768x768.jpg 768w, https:\/\/cqgclub.dyndns.org\/likyneko\/wp-content\/uploads\/2023\/08\/MAIN-filtre.2000-1536x1536.jpg 1536w, https:\/\/cqgclub.dyndns.org\/likyneko\/wp-content\/uploads\/2023\/08\/MAIN-filtre.2000-600x600.jpg 600w, https:\/\/cqgclub.dyndns.org\/likyneko\/wp-content\/uploads\/2023\/08\/MAIN-filtre.2000-100x100.jpg 100w, https:\/\/cqgclub.dyndns.org\/likyneko\/wp-content\/uploads\/2023\/08\/MAIN-filtre.2000.jpg 2000w\" sizes=\"auto, (max-width: 300px) 100vw, 300px\" \/><h2 class=\"woocommerce-loop-product__title\">Zestaw 4 filtry do fontanny wodnej<\/h2>\n\t<span class=\"price\"><span class=\"woocommerce-Price-amount amount\"><bdi>12.90<span class=\"woocommerce-Price-currencySymbol\">&euro;<\/span><\/bdi><\/span><\/span>\n<\/a><a href=\"\/likyneko\/wp-json\/wp\/v2\/pages\/178?add-to-cart=398\" aria-describedby=\"woocommerce_loop_add_to_cart_link_describedby_398\" data-quantity=\"1\" class=\"button product_type_simple add_to_cart_button ajax_add_to_cart\" data-product_id=\"398\" data-product_sku=\"FP-C1-LK\" aria-label=\"Ajouter au panier\u00a0: &ldquo;Zestaw 4 filtry do fontanny wodnej&rdquo;\" rel=\"nofollow\" data-success_message=\"\u00ab\u00a0Zestaw 4 filtry do fontanny wodnej\u00a0\u00bb a \u00e9t\u00e9 ajout\u00e9 \u00e0 votre panier\" role=\"button\">Ajouter au panier<\/a>\t<span id=\"woocommerce_loop_add_to_cart_link_describedby_398\" class=\"screen-reader-text\">\n\t\t\t<\/span>\n<\/li>\n<\/ul>\n<\/div>\n","protected":false},"excerpt":{"rendered":"<p>Po\u0142\u0105czony fontanna wody dla zwierz\u0105t domowych Darmowa dostawa Idealna fontanna dla Twoich ps\u00f3w, kot\u00f3w i koci\u0105t. Zachwyci r\u00f3wnie\u017c fretki, gryzonie i ptaki. Zdrowe zwierz\u0119ta Trawienie, zdrowie nerek, regulacja temperatury cia\u0142a, itp. Ruch wody przyci\u0105ga uwag\u0119 i zach\u0119ca do picia Bie\u017c\u0105ca woda promuje naturalne zachowanie nawadniania Du\u017ca pojemno\u015b\u0107, 4 litry Mniej cz\u0119ste uzupe\u0142nianie Lepsza autonomia System&hellip;<\/p>\n","protected":false},"author":1,"featured_media":0,"parent":0,"menu_order":0,"comment_status":"closed","ping_status":"closed","template":"","meta":{"footnotes":""},"class_list":["post-178","page","type-page","status-publish","hentry"],"lang":"pl","translations":{"pl":178,"fr":5,"en":174,"de":175,"it":176,"es":177,"tr":179,"sv":180,"nl":181,"cs":182},"pll_sync_post":[],"_links":{"self":[{"href":"https:\/\/cqgclub.dyndns.org\/likyneko\/wp-json\/wp\/v2\/pages\/178","targetHints":{"allow":["GET"]}}],"collection":[{"href":"https:\/\/cqgclub.dyndns.org\/likyneko\/wp-json\/wp\/v2\/pages"}],"about":[{"href":"https:\/\/cqgclub.dyndns.org\/likyneko\/wp-json\/wp\/v2\/types\/page"}],"author":[{"embeddable":true,"href":"https:\/\/cqgclub.dyndns.org\/likyneko\/wp-json\/wp\/v2\/users\/1"}],"replies":[{"embeddable":true,"href":"https:\/\/cqgclub.dyndns.org\/likyneko\/wp-json\/wp\/v2\/comments?post=178"}],"version-history":[{"count":3,"href":"https:\/\/cqgclub.dyndns.org\/likyneko\/wp-json\/wp\/v2\/pages\/178\/revisions"}],"predecessor-version":[{"id":431,"href":"https:\/\/cqgclub.dyndns.org\/likyneko\/wp-json\/wp\/v2\/pages\/178\/revisions\/431"}],"wp:attachment":[{"href":"https:\/\/cqgclub.dyndns.org\/likyneko\/wp-json\/wp\/v2\/media?parent=178"}],"curies":[{"name":"wp","href":"https:\/\/api.w.org\/{rel}","templated":true}]}}