{"id":181,"date":"2023-07-21T00:35:17","date_gmt":"2023-07-20T22:35:17","guid":{"rendered":"https:\/\/cqgclub.dyndns.org\/likyneko\/fontaine-a-eau-connectee-nederlands\/"},"modified":"2023-09-03T12:10:24","modified_gmt":"2023-09-03T10:10:24","slug":"fontaine-a-eau-connectee-nederlands","status":"publish","type":"page","link":"https:\/\/cqgclub.dyndns.org\/likyneko\/nl\/fontaine-a-eau-connectee-nederlands\/","title":{"rendered":"Fontaine \u00e0 eau connect\u00e9e &#8211; Nederlands"},"content":{"rendered":"\n\n\t\t\t\t<img loading=\"lazy\" decoding=\"async\" src=\"https:\/\/cqgclub.dyndns.org\/likyneko\/wp-content\/uploads\/2023\/07\/logo.LikyNeko.gray_.png\" alt=\"logo.LikyNeko.gray\" itemprop=\"image\" height=\"517\" width=\"579\" title=\"logo.LikyNeko.gray\" onerror=\"this.style.display='none'\"  \/>\n<h1>\n\t\tAangesloten waterfontein<br \/>voor huisdieren\n\t<\/h1>\n<p class=\"product woocommerce add_to_cart_inline \" style=\"border:4px solid #ccc; padding: 12px;\"><span class=\"woocommerce-Price-amount amount\"><bdi>79.90<span class=\"woocommerce-Price-currencySymbol\">&euro;<\/span><\/bdi><\/span><a href=\"\/likyneko\/wp-json\/wp\/v2\/pages\/181?add-to-cart=170\" aria-describedby=\"woocommerce_loop_add_to_cart_link_describedby_170\" data-quantity=\"1\" class=\"button product_type_simple add_to_cart_button ajax_add_to_cart\" data-product_id=\"170\" data-product_sku=\"FONT-C1-LK\" aria-label=\"Ajouter au panier\u00a0: &ldquo;Fontaine \u00e0 eau connect\u00e9e pour animaux de compagnie&rdquo;\" rel=\"nofollow\" data-success_message=\"\u00ab\u00a0Fontaine \u00e0 eau connect\u00e9e pour animaux de compagnie\u00a0\u00bb a \u00e9t\u00e9 ajout\u00e9 \u00e0 votre panier\" role=\"button\">Ajouter au panier<\/a>\t<span id=\"woocommerce_loop_add_to_cart_link_describedby_170\" class=\"screen-reader-text\">\n\t\t\t<\/span>\n<\/p>\n\t<p>Gratis verzending<\/p>\n\t<p>De ideale fontein voor uw honden, katten en kittens.<\/p>\n<p>Het zal ook fretten, knaagdieren en vogels bekoren.<\/p>\n\t\t\t\t<img loading=\"lazy\" decoding=\"async\" src=\"https:\/\/cqgclub.dyndns.org\/likyneko\/wp-content\/uploads\/2023\/07\/3-1-1024x1024.png\" alt=\"3\" itemprop=\"image\" height=\"1024\" width=\"1024\" title=\"3\" onerror=\"this.style.display='none'\"  \/>\n\t\t\t\t<img loading=\"lazy\" decoding=\"async\" src=\"https:\/\/cqgclub.dyndns.org\/likyneko\/wp-content\/uploads\/2023\/07\/Sans-titre-2_Plan-de-travail-1-copie-2-1-1024x1022.png\" alt=\"Illustration pour les animaux en bonne sant\u00e9\" itemprop=\"image\" height=\"1022\" width=\"1024\" title=\"Fontaine \u00e0 eau pour inciter \u00e0 s'hydrater\" onerror=\"this.style.display='none'\"  \/>\n<h2>\n\t\tGezonde dieren\n\t<\/h2>\n\t<p>Spijsvertering, niergezondheid, regulatie van de lichaamstemperatuur, etc.<\/p>\n<p>De beweging van het water trekt de aandacht en stimuleert drinken<\/p>\n<p>Stromend water bevordert natuurlijk hydratatiegedrag<\/p>\n<h2>\n\t\tGrote capaciteit, 4 liter\n\t<\/h2>\n\t<p>Minder vaak bijvullen<\/p>\n<p>Betere autonomie<\/p>\n\t\t\t\t<img loading=\"lazy\" decoding=\"async\" src=\"https:\/\/cqgclub.dyndns.org\/likyneko\/wp-content\/uploads\/2023\/07\/dog.png\" alt=\"dog\" itemprop=\"image\" height=\"1746\" width=\"1746\" title=\"dog\" onerror=\"this.style.display='none'\"  \/>\n\t\t\t\t<img loading=\"lazy\" decoding=\"async\" src=\"https:\/\/cqgclub.dyndns.org\/likyneko\/wp-content\/uploads\/2023\/06\/vue-filtre-eclate-1.png\" alt=\"vue-filtre-eclate\" itemprop=\"image\" height=\"1352\" width=\"927\" title=\"vue-filtre-eclate\" onerror=\"this.style.display='none'\"  \/>\n<h2>\n\t\tFiltersysteem\n\t<\/h2>\n<h3>\n\t\tStoffilter\n\t<\/h3>\n\t<p>Vangt voedselresten, haren en stof op<\/p>\n<h3>\n\t\tWaterontharder\n\t<\/h3>\n\t<p>Met ionenwisselhars<\/p>\n<h3>\n\t\tWaterzuiveraar\n\t<\/h3>\n\t<p>Maifanite, antibacterieel, vangt kleurstoffen en andere verontreinigende stoffen zoals zware metalen op<\/p>\n<h3>\n\t\tGeactiveerde plantaardige kool\n\t<\/h3>\n\t<p>Uit kokosnootschil<\/p>\n<h3>\n\t\tFilter voor het verwijderen van slechte smaak en geuren\n\t<\/h3>\n<h2>\n\t\tStil (&lt;30dB)\n\t<\/h2>\n\t<p>Minder lawaaierig dan een stille nacht<\/p>\n\t\t\t\t<img loading=\"lazy\" decoding=\"async\" src=\"https:\/\/cqgclub.dyndns.org\/likyneko\/wp-content\/uploads\/2023\/07\/silece_Plan-de-travail-1-copie_Plan-de-travail-1-copie.png\" alt=\"silece_Plan de travail 1 copie_Plan de travail 1 copie\" itemprop=\"image\" height=\"1752\" width=\"1755\" title=\"silece_Plan de travail 1 copie_Plan de travail 1 copie\" onerror=\"this.style.display='none'\"  \/>\n\t\t\t\t<img loading=\"lazy\" decoding=\"async\" src=\"https:\/\/cqgclub.dyndns.org\/likyneko\/wp-content\/uploads\/2023\/06\/vue-eclatee.png\" alt=\"vue-eclatee\" itemprop=\"image\" height=\"988\" width=\"796\" title=\"vue-eclatee\" onerror=\"this.style.display='none'\"  \/>\n<h2>\n\t\tMakkelijk schoon te maken\n\t<\/h2>\n\t<p>Geen hoekjes, vouwen of moeilijk bereikbare randen<\/p>\n<p>Lichtgewicht, onbreekbare onderdelen die makkelijk te hanteren zijn<\/p>\n<p>Vaatwasmachinebestendig<\/p>\n<h2>\n\t\tMet een app is het leuker\n\t<\/h2>\n\t<p>De gratis app stelt je in staat om:<\/p>\nWaterpeil waarschuwingen in te stellen<br \/>\nOnderhoudsherinneringen te plannen<br \/>\nDe waterstroom te regelen<br \/>\nDe frequentie en duur van de werking in te stellen\n\t\t\t\t<img loading=\"lazy\" decoding=\"async\" src=\"https:\/\/cqgclub.dyndns.org\/likyneko\/wp-content\/uploads\/2023\/07\/HANDPHONE-e1689694386318-837x1024.png\" alt=\"HANDPHONE\" itemprop=\"image\" height=\"1024\" width=\"837\" title=\"HANDPHONE\" onerror=\"this.style.display='none'\"  \/>\n<h2>\n\t\tCapaciteit\n\t<\/h2>\n<h2>\n\t\tMakkelijk schoon te maken\n\t<\/h2>\n<h2>\n\t\tVeilig\n\t<\/h2>\n<h2>\n\t\tDuurzaam\n\t<\/h2>\n<h2>\n\t\tStil\n\t<\/h2>\n<h2>\n\t\tVerbonden\n\t<\/h2>\n<h2>\n\t\t5-traps filtratie\n\t<\/h2>\n<h2>\n\t\tMet liefde gemaakt\n\t<\/h2>\n\t\t\t\t<img loading=\"lazy\" decoding=\"async\" src=\"https:\/\/cqgclub.dyndns.org\/likyneko\/wp-content\/uploads\/2023\/06\/logo.LikyNeko.100x89.png\" alt=\"logo.LikyNeko.100x89\" itemprop=\"image\" height=\"89\" width=\"100\" title=\"logo.LikyNeko.100x89\" onerror=\"this.style.display='none'\"  \/>\n\t\t\t\t<img loading=\"lazy\" decoding=\"async\" src=\"https:\/\/cqgclub.dyndns.org\/likyneko\/wp-content\/uploads\/2023\/07\/TR-FONT-C1-LK.2200x1650-1024x768.png\" alt=\"TR-FONT-C1-LK.2200x1650\" itemprop=\"image\" height=\"768\" width=\"1024\" title=\"TR-FONT-C1-LK.2200x1650\" onerror=\"this.style.display='none'\"  \/>\n<p class=\"product woocommerce add_to_cart_inline \" style=\"border:4px solid #ccc; padding: 12px;\"><span class=\"woocommerce-Price-amount amount\"><bdi>79.90<span class=\"woocommerce-Price-currencySymbol\">&euro;<\/span><\/bdi><\/span><a href=\"\/likyneko\/wp-json\/wp\/v2\/pages\/181?add-to-cart=170\" aria-describedby=\"woocommerce_loop_add_to_cart_link_describedby_170\" data-quantity=\"1\" class=\"button product_type_simple add_to_cart_button ajax_add_to_cart\" data-product_id=\"170\" data-product_sku=\"FONT-C1-LK\" aria-label=\"Ajouter au panier\u00a0: &ldquo;Fontaine \u00e0 eau connect\u00e9e pour animaux de compagnie&rdquo;\" rel=\"nofollow\" data-success_message=\"\u00ab\u00a0Fontaine \u00e0 eau connect\u00e9e pour animaux de compagnie\u00a0\u00bb a \u00e9t\u00e9 ajout\u00e9 \u00e0 votre panier\" role=\"button\">Ajouter au panier<\/a>\t<span id=\"woocommerce_loop_add_to_cart_link_describedby_170\" class=\"screen-reader-text\">\n\t\t\t<\/span>\n<\/p>\n\t<p>Gratis verzending<\/p>\n<h2>\n\t\tSet van 4 filters\n\t<\/h2>\n<div class=\"woocommerce \"><ul class=\"products columns-1\">\n<li class=\"product type-product post-410 status-publish first instock product_cat-fontaine-a-eau has-post-thumbnail taxable shipping-taxable purchasable product-type-simple\">\n\t<a href=\"https:\/\/cqgclub.dyndns.org\/likyneko\/nl\/produit\/lot-de-4-filtres-de-remplacement-pour-fontaine-connectee\/\" class=\"woocommerce-LoopProduct-link woocommerce-loop-product__link\"><img loading=\"lazy\" decoding=\"async\" width=\"300\" height=\"300\" src=\"https:\/\/cqgclub.dyndns.org\/likyneko\/wp-content\/uploads\/2023\/08\/MAIN-filtre.2000-300x300.jpg\" class=\"attachment-woocommerce_thumbnail size-woocommerce_thumbnail\" alt=\"Pakket van 4 filters voor waterfontein\" srcset=\"https:\/\/cqgclub.dyndns.org\/likyneko\/wp-content\/uploads\/2023\/08\/MAIN-filtre.2000-300x300.jpg 300w, https:\/\/cqgclub.dyndns.org\/likyneko\/wp-content\/uploads\/2023\/08\/MAIN-filtre.2000-1024x1024.jpg 1024w, https:\/\/cqgclub.dyndns.org\/likyneko\/wp-content\/uploads\/2023\/08\/MAIN-filtre.2000-150x150.jpg 150w, https:\/\/cqgclub.dyndns.org\/likyneko\/wp-content\/uploads\/2023\/08\/MAIN-filtre.2000-768x768.jpg 768w, https:\/\/cqgclub.dyndns.org\/likyneko\/wp-content\/uploads\/2023\/08\/MAIN-filtre.2000-1536x1536.jpg 1536w, https:\/\/cqgclub.dyndns.org\/likyneko\/wp-content\/uploads\/2023\/08\/MAIN-filtre.2000-600x600.jpg 600w, https:\/\/cqgclub.dyndns.org\/likyneko\/wp-content\/uploads\/2023\/08\/MAIN-filtre.2000-100x100.jpg 100w, https:\/\/cqgclub.dyndns.org\/likyneko\/wp-content\/uploads\/2023\/08\/MAIN-filtre.2000.jpg 2000w\" sizes=\"auto, (max-width: 300px) 100vw, 300px\" \/><h2 class=\"woocommerce-loop-product__title\">Pakket van 4 filters voor waterfontein<\/h2>\n\t<span class=\"price\"><span class=\"woocommerce-Price-amount amount\"><bdi>12.90<span class=\"woocommerce-Price-currencySymbol\">&euro;<\/span><\/bdi><\/span><\/span>\n<\/a><a href=\"\/likyneko\/wp-json\/wp\/v2\/pages\/181?add-to-cart=410\" aria-describedby=\"woocommerce_loop_add_to_cart_link_describedby_410\" data-quantity=\"1\" class=\"button product_type_simple add_to_cart_button ajax_add_to_cart\" data-product_id=\"410\" data-product_sku=\"FP-C1-LK\" aria-label=\"Ajouter au panier\u00a0: &ldquo;Pakket van 4 filters voor waterfontein&rdquo;\" rel=\"nofollow\" data-success_message=\"\u00ab\u00a0Pakket van 4 filters voor waterfontein\u00a0\u00bb a \u00e9t\u00e9 ajout\u00e9 \u00e0 votre panier\" role=\"button\">Ajouter au panier<\/a>\t<span id=\"woocommerce_loop_add_to_cart_link_describedby_410\" class=\"screen-reader-text\">\n\t\t\t<\/span>\n<\/li>\n<\/ul>\n<\/div>\n","protected":false},"excerpt":{"rendered":"<p>Aangesloten waterfonteinvoor huisdieren Gratis verzending De ideale fontein voor uw honden, katten en kittens. Het zal ook fretten, knaagdieren en vogels bekoren. Gezonde dieren Spijsvertering, niergezondheid, regulatie van de lichaamstemperatuur, etc. De beweging van het water trekt de aandacht en stimuleert drinken Stromend water bevordert natuurlijk hydratatiegedrag Grote capaciteit, 4 liter Minder vaak bijvullen Betere&hellip;<\/p>\n","protected":false},"author":1,"featured_media":0,"parent":0,"menu_order":0,"comment_status":"closed","ping_status":"closed","template":"","meta":{"footnotes":""},"class_list":["post-181","page","type-page","status-publish","hentry"],"lang":"nl","translations":{"nl":181,"fr":5,"en":174,"de":175,"it":176,"es":177,"pl":178,"tr":179,"sv":180,"cs":182},"pll_sync_post":[],"_links":{"self":[{"href":"https:\/\/cqgclub.dyndns.org\/likyneko\/wp-json\/wp\/v2\/pages\/181","targetHints":{"allow":["GET"]}}],"collection":[{"href":"https:\/\/cqgclub.dyndns.org\/likyneko\/wp-json\/wp\/v2\/pages"}],"about":[{"href":"https:\/\/cqgclub.dyndns.org\/likyneko\/wp-json\/wp\/v2\/types\/page"}],"author":[{"embeddable":true,"href":"https:\/\/cqgclub.dyndns.org\/likyneko\/wp-json\/wp\/v2\/users\/1"}],"replies":[{"embeddable":true,"href":"https:\/\/cqgclub.dyndns.org\/likyneko\/wp-json\/wp\/v2\/comments?post=181"}],"version-history":[{"count":2,"href":"https:\/\/cqgclub.dyndns.org\/likyneko\/wp-json\/wp\/v2\/pages\/181\/revisions"}],"predecessor-version":[{"id":433,"href":"https:\/\/cqgclub.dyndns.org\/likyneko\/wp-json\/wp\/v2\/pages\/181\/revisions\/433"}],"wp:attachment":[{"href":"https:\/\/cqgclub.dyndns.org\/likyneko\/wp-json\/wp\/v2\/media?parent=181"}],"curies":[{"name":"wp","href":"https:\/\/api.w.org\/{rel}","templated":true}]}}