{"id":496,"date":"2023-09-04T11:07:56","date_gmt":"2023-09-04T09:07:56","guid":{"rendered":"https:\/\/cqgclub.dyndns.org\/likyneko\/?page_id=496"},"modified":"2023-09-04T11:07:56","modified_gmt":"2023-09-04T09:07:56","slug":"indirmeler","status":"publish","type":"page","link":"https:\/\/cqgclub.dyndns.org\/likyneko\/tr\/indirmeler\/","title":{"rendered":"\u0130ndirmeler"},"content":{"rendered":"\n\n\t\t\t\t<a href=\"https:\/\/cqgclub.dyndns.org\/likyneko\" target=\"_self\" itemprop=\"url\" rel=\"noopener\">\n\t\t\t\t<img loading=\"lazy\" decoding=\"async\" src=\"https:\/\/cqgclub.dyndns.org\/likyneko\/wp-content\/uploads\/2023\/06\/logo.LikyNeko.150x134.png\" alt=\"logo.LikyNeko.150x134\" itemprop=\"image\" height=\"134\" width=\"150\" title=\"logo.LikyNeko.150x134\" onerror=\"this.style.display='none'\"  \/>\n\t\t\t\t<\/a>\n<h1>\n\t\t\u0130ndirmeler\n\t<\/h1>\n<h2>\n\t\tSu F\u0131skiyesi Kullan\u0131m K\u0131lavuzu\n\t<\/h2>\n\t\t\t\t<a href=\"https:\/\/cqgclub.dyndns.org\/likyneko\/wp-content\/uploads\/2023\/09\/man.FONT-C1-LK.FR_.pdf\" target=\"_blank\" rel=\"noopener\" itemprop=\"url\">\n\t\t\t\t<img loading=\"lazy\" decoding=\"async\" src=\"https:\/\/cqgclub.dyndns.org\/likyneko\/wp-content\/uploads\/2023\/09\/icons8-france-96.png\" alt=\"icons8-france-96\" itemprop=\"image\" height=\"96\" width=\"96\" title=\"icons8-france-96\" onerror=\"this.style.display='none'\"  \/>\n\t\t\t\t<\/a>\n\t\t\t\t<a href=\"https:\/\/cqgclub.dyndns.org\/likyneko\/wp-content\/uploads\/2023\/09\/man.FONT-C1-LK.GB_.pdf\" target=\"_blank\" rel=\"noopener\" itemprop=\"url\">\n\t\t\t\t<img loading=\"lazy\" decoding=\"async\" src=\"https:\/\/cqgclub.dyndns.org\/likyneko\/wp-content\/uploads\/2023\/09\/icons8-great-britain-96.png\" alt=\"icons8-great-britain-96\" itemprop=\"image\" height=\"96\" width=\"96\" title=\"icons8-great-britain-96\" onerror=\"this.style.display='none'\"  \/>\n\t\t\t\t<\/a>\n\t\t\t\t<a href=\"https:\/\/cqgclub.dyndns.org\/likyneko\/wp-content\/uploads\/2023\/09\/man.FONT-C1-LK.IT_.pdf\" target=\"_blank\" rel=\"noopener\" itemprop=\"url\">\n\t\t\t\t<img loading=\"lazy\" decoding=\"async\" src=\"https:\/\/cqgclub.dyndns.org\/likyneko\/wp-content\/uploads\/2023\/09\/icons8-italy-96.png\" alt=\"icons8-italy-96\" itemprop=\"image\" height=\"96\" width=\"96\" title=\"icons8-italy-96\" onerror=\"this.style.display='none'\"  \/>\n\t\t\t\t<\/a>\n\t\t\t\t<a href=\"https:\/\/cqgclub.dyndns.org\/likyneko\/wp-content\/uploads\/2023\/09\/man.FONT-C1-LK.ES_.pdf\" target=\"_blank\" rel=\"noopener\" itemprop=\"url\">\n\t\t\t\t<img loading=\"lazy\" decoding=\"async\" src=\"https:\/\/cqgclub.dyndns.org\/likyneko\/wp-content\/uploads\/2023\/09\/icons8-spain-96.png\" alt=\"icons8-spain-96\" itemprop=\"image\" height=\"96\" width=\"96\" title=\"icons8-spain-96\" onerror=\"this.style.display='none'\"  \/>\n\t\t\t\t<\/a>\n\t\t\t\t<a href=\"https:\/\/cqgclub.dyndns.org\/likyneko\/wp-content\/uploads\/2023\/09\/man.FONT-C1-LK.SE_.pdf\" target=\"_blank\" rel=\"noopener\" itemprop=\"url\">\n\t\t\t\t<img loading=\"lazy\" decoding=\"async\" src=\"https:\/\/cqgclub.dyndns.org\/likyneko\/wp-content\/uploads\/2023\/09\/icons8-sweden-96.png\" alt=\"icons8-sweden-96\" itemprop=\"image\" height=\"96\" width=\"96\" title=\"icons8-sweden-96\" onerror=\"this.style.display='none'\"  \/>\n\t\t\t\t<\/a>\n\t\t\t\t<a href=\"https:\/\/cqgclub.dyndns.org\/likyneko\/wp-content\/uploads\/2023\/09\/man.FONT-C1-LK.TR_.pdf\" target=\"_blank\" rel=\"noopener\" itemprop=\"url\">\n\t\t\t\t<img loading=\"lazy\" decoding=\"async\" src=\"https:\/\/cqgclub.dyndns.org\/likyneko\/wp-content\/uploads\/2023\/09\/icons8-turkey-96.png\" alt=\"icons8-turkey-96\" itemprop=\"image\" height=\"96\" width=\"96\" title=\"icons8-turkey-96\" onerror=\"this.style.display='none'\"  \/>\n\t\t\t\t<\/a>\n\t\t\t\t<a href=\"https:\/\/cqgclub.dyndns.org\/likyneko\/wp-content\/uploads\/2023\/09\/man.FONT-C1-LK.PL_.pdf\" target=\"_blank\" rel=\"noopener\" itemprop=\"url\">\n\t\t\t\t<img loading=\"lazy\" decoding=\"async\" src=\"https:\/\/cqgclub.dyndns.org\/likyneko\/wp-content\/uploads\/2023\/09\/icons8-poland-96.png\" alt=\"icons8-poland-96\" itemprop=\"image\" height=\"96\" width=\"96\" title=\"icons8-poland-96\" onerror=\"this.style.display='none'\"  \/>\n\t\t\t\t<\/a>\n\t\t\t\t<a href=\"https:\/\/cqgclub.dyndns.org\/likyneko\/wp-content\/uploads\/2023\/09\/man.FONT-C1-LK.DE_.pdf\" target=\"_blank\" rel=\"noopener\" itemprop=\"url\">\n\t\t\t\t<img loading=\"lazy\" decoding=\"async\" src=\"https:\/\/cqgclub.dyndns.org\/likyneko\/wp-content\/uploads\/2023\/09\/icons8-germany-96.png\" alt=\"icons8-germany-96\" itemprop=\"image\" height=\"96\" width=\"96\" title=\"icons8-germany-96\" onerror=\"this.style.display='none'\"  \/>\n\t\t\t\t<\/a>\n\t\t\t\t<a href=\"https:\/\/cqgclub.dyndns.org\/likyneko\/wp-content\/uploads\/2023\/09\/man.FONT-C1-LK.NL_.pdf\" target=\"_blank\" rel=\"noopener\" itemprop=\"url\">\n\t\t\t\t<img loading=\"lazy\" decoding=\"async\" src=\"https:\/\/cqgclub.dyndns.org\/likyneko\/wp-content\/uploads\/2023\/09\/icons8-netherlands-96.png\" alt=\"icons8-netherlands-96\" itemprop=\"image\" height=\"96\" width=\"96\" title=\"icons8-netherlands-96\" onerror=\"this.style.display='none'\"  \/>\n\t\t\t\t<\/a>\n\t\t\t\t<a href=\"https:\/\/cqgclub.dyndns.org\/likyneko\/wp-content\/uploads\/2023\/09\/man.FONT-C1-LK.CZ_.pdf\" target=\"_blank\" rel=\"noopener\" itemprop=\"url\">\n\t\t\t\t<img loading=\"lazy\" decoding=\"async\" src=\"https:\/\/cqgclub.dyndns.org\/likyneko\/wp-content\/uploads\/2023\/09\/icons8-czech-republic-96.png\" alt=\"icons8-czech-republic-96\" itemprop=\"image\" height=\"96\" width=\"96\" title=\"icons8-czech-republic-96\" onerror=\"this.style.display='none'\"  \/>\n\t\t\t\t<\/a>\n<h2>\n\t\tSu F\u0131skiyesi Uygulamas\u0131 Kullan\u0131m K\u0131lavuzu\n\t<\/h2>\n\t\t\t\t<a href=\"https:\/\/cqgclub.dyndns.org\/likyneko\/wp-content\/uploads\/2023\/09\/man-wifi-FONT-C1-LK.FR_.pdf\" target=\"_blank\" rel=\"noopener\" itemprop=\"url\">\n\t\t\t\t<img loading=\"lazy\" decoding=\"async\" src=\"https:\/\/cqgclub.dyndns.org\/likyneko\/wp-content\/uploads\/2023\/09\/icons8-france-96.png\" alt=\"icons8-france-96\" itemprop=\"image\" height=\"96\" width=\"96\" title=\"icons8-france-96\" onerror=\"this.style.display='none'\"  \/>\n\t\t\t\t<\/a>\n\t\t\t\t<a href=\"https:\/\/cqgclub.dyndns.org\/likyneko\/wp-content\/uploads\/2023\/09\/man-wifi-FONT-C1-LK.GB_.pdf\" target=\"_blank\" rel=\"noopener\" itemprop=\"url\">\n\t\t\t\t<img loading=\"lazy\" decoding=\"async\" src=\"https:\/\/cqgclub.dyndns.org\/likyneko\/wp-content\/uploads\/2023\/09\/icons8-great-britain-96.png\" alt=\"icons8-great-britain-96\" itemprop=\"image\" height=\"96\" width=\"96\" title=\"icons8-great-britain-96\" onerror=\"this.style.display='none'\"  \/>\n\t\t\t\t<\/a>\n\n","protected":false},"excerpt":{"rendered":"<p>\u0130ndirmeler Su F\u0131skiyesi Kullan\u0131m K\u0131lavuzu Su F\u0131skiyesi Uygulamas\u0131 Kullan\u0131m K\u0131lavuzu<\/p>\n","protected":false},"author":1,"featured_media":0,"parent":0,"menu_order":0,"comment_status":"closed","ping_status":"closed","template":"","meta":{"footnotes":""},"class_list":["post-496","page","type-page","status-publish","hentry"],"lang":"tr","translations":{"tr":496,"it":486,"fr":442,"es":490,"pl":493,"sv":499,"nl":502,"cs":505,"en":508,"de":511},"pll_sync_post":[],"_links":{"self":[{"href":"https:\/\/cqgclub.dyndns.org\/likyneko\/wp-json\/wp\/v2\/pages\/496","targetHints":{"allow":["GET"]}}],"collection":[{"href":"https:\/\/cqgclub.dyndns.org\/likyneko\/wp-json\/wp\/v2\/pages"}],"about":[{"href":"https:\/\/cqgclub.dyndns.org\/likyneko\/wp-json\/wp\/v2\/types\/page"}],"author":[{"embeddable":true,"href":"https:\/\/cqgclub.dyndns.org\/likyneko\/wp-json\/wp\/v2\/users\/1"}],"replies":[{"embeddable":true,"href":"https:\/\/cqgclub.dyndns.org\/likyneko\/wp-json\/wp\/v2\/comments?post=496"}],"version-history":[{"count":2,"href":"https:\/\/cqgclub.dyndns.org\/likyneko\/wp-json\/wp\/v2\/pages\/496\/revisions"}],"predecessor-version":[{"id":498,"href":"https:\/\/cqgclub.dyndns.org\/likyneko\/wp-json\/wp\/v2\/pages\/496\/revisions\/498"}],"wp:attachment":[{"href":"https:\/\/cqgclub.dyndns.org\/likyneko\/wp-json\/wp\/v2\/media?parent=496"}],"curies":[{"name":"wp","href":"https:\/\/api.w.org\/{rel}","templated":true}]}}