{"id":5,"date":"2023-06-21T15:37:25","date_gmt":"2023-06-21T13:37:25","guid":{"rendered":"https:\/\/cqgclub.dyndns.org\/likyneko\/?page_id=5"},"modified":"2023-09-03T11:57:47","modified_gmt":"2023-09-03T09:57:47","slug":"fontaine-a-eau-connectee","status":"publish","type":"page","link":"https:\/\/cqgclub.dyndns.org\/likyneko\/","title":{"rendered":"Fontaine \u00e0 eau connect\u00e9e"},"content":{"rendered":"\n\n\t\t\t\t<img loading=\"lazy\" decoding=\"async\" src=\"https:\/\/cqgclub.dyndns.org\/likyneko\/wp-content\/uploads\/2023\/07\/logo.LikyNeko.gray_.png\" alt=\"logo.LikyNeko.gray\" itemprop=\"image\" height=\"517\" width=\"579\" title=\"logo.LikyNeko.gray\" onerror=\"this.style.display='none'\"  \/>\n<h1>\n\t\tFontaine \u00e0 eau connect\u00e9e<br \/> pour les animaux de compagnie\n\t<\/h1>\n<p class=\"product woocommerce add_to_cart_inline \" style=\"border:4px solid #ccc; padding: 12px;\"><span class=\"woocommerce-Price-amount amount\"><bdi>79.90<span class=\"woocommerce-Price-currencySymbol\">&euro;<\/span><\/bdi><\/span><a href=\"\/likyneko\/wp-json\/wp\/v2\/pages\/5?add-to-cart=170\" aria-describedby=\"woocommerce_loop_add_to_cart_link_describedby_170\" data-quantity=\"1\" class=\"button product_type_simple add_to_cart_button ajax_add_to_cart\" data-product_id=\"170\" data-product_sku=\"FONT-C1-LK\" aria-label=\"Ajouter au panier\u00a0: &ldquo;Fontaine \u00e0 eau connect\u00e9e pour animaux de compagnie&rdquo;\" rel=\"nofollow\" data-success_message=\"\u00ab\u00a0Fontaine \u00e0 eau connect\u00e9e pour animaux de compagnie\u00a0\u00bb a \u00e9t\u00e9 ajout\u00e9 \u00e0 votre panier\" role=\"button\">Ajouter au panier<\/a>\t<span id=\"woocommerce_loop_add_to_cart_link_describedby_170\" class=\"screen-reader-text\">\n\t\t\t<\/span>\n<\/p>\n\t<p>Livraison offerte<\/p>\n\t<p>La fontaine id\u00e9ale pour vos chiens, chats et chatons.<\/p>\n<p>Elle ravira aussi les furets, les rongeurs et les oiseaux.<\/p>\n\t\t\t\t<img loading=\"lazy\" decoding=\"async\" src=\"https:\/\/cqgclub.dyndns.org\/likyneko\/wp-content\/uploads\/2023\/07\/3-1-1024x1024.png\" alt=\"3\" itemprop=\"image\" height=\"1024\" width=\"1024\" title=\"3\" onerror=\"this.style.display='none'\"  \/>\n\t\t\t\t<img loading=\"lazy\" decoding=\"async\" src=\"https:\/\/cqgclub.dyndns.org\/likyneko\/wp-content\/uploads\/2023\/07\/Sans-titre-2_Plan-de-travail-1-copie-2-1-1024x1022.png\" alt=\"Illustration pour les animaux en bonne sant\u00e9\" itemprop=\"image\" height=\"1022\" width=\"1024\" title=\"Fontaine \u00e0 eau pour inciter \u00e0 s'hydrater\" onerror=\"this.style.display='none'\"  \/>\n<h2>\n\t\tDes animaux en bonne sant\u00e9\n\t<\/h2>\n\t<p>Digestion, sant\u00e9 r\u00e9nale, r\u00e9gulation de la temp\u00e9rature corporelle, etc.<\/p>\n<p>Le mouvement de l&rsquo;eau attire l&rsquo;attention et incite \u00e0 boire<\/p>\n<p>L&rsquo;eau courante encourage un comportement naturel d&rsquo;hydratation<\/p>\n<h2>\n\t\tGrande contenance, 4 litres\n\t<\/h2>\n\t<ul>\n<li>Remplissages moins fr\u00e9quents<\/li>\n<li>Meilleure autonomie<\/li>\n<\/ul>\n\t\t\t\t<img loading=\"lazy\" decoding=\"async\" src=\"https:\/\/cqgclub.dyndns.org\/likyneko\/wp-content\/uploads\/2023\/07\/dog.png\" alt=\"dog\" itemprop=\"image\" height=\"1746\" width=\"1746\" title=\"dog\" onerror=\"this.style.display='none'\"  \/>\n\t\t\t\t<img loading=\"lazy\" decoding=\"async\" src=\"https:\/\/cqgclub.dyndns.org\/likyneko\/wp-content\/uploads\/2023\/06\/vue-filtre-eclate-1.png\" alt=\"vue-filtre-eclate\" itemprop=\"image\" height=\"1352\" width=\"927\" title=\"vue-filtre-eclate\" onerror=\"this.style.display='none'\"  \/>\n<h2>\n\t\tSyst\u00e8me de filtrage\n\t<\/h2>\n<h3>\n\t\tFiltre \u00e0 poussi\u00e8res\n\t<\/h3>\n\t<p>Capte les r\u00e9sidus alimentaires, poils et poussi\u00e8res<\/p>\n<h3>\n\t\tAdoucisseur d&rsquo;eau\n\t<\/h3>\n\t<p>En r\u00e9sine \u00e9changeuse d&rsquo;ions<\/p>\n<h3>\n\t\tPurificateur d&rsquo;eau\n\t<\/h3>\n\t<p>La maifanite, antibact\u00e9rienne, capte les colorants et autres polluants comme les m\u00e9taux lourds<\/p>\n<h3>\n\t\tCharbon v\u00e9g\u00e9tal actif\n\t<\/h3>\n\t<p>En coque de noix de coco<\/p>\n<h3>\n\t\tFiltre de suppression mauvais go\u00fbt, mauvaises odeurs\n\t<\/h3>\n<h2>\n\t\tSilencieuse (&lt;30dB)\n\t<\/h2>\n\t<p>Moins bruyante qu&rsquo;une nuit calme<\/p>\n\t\t\t\t<img loading=\"lazy\" decoding=\"async\" src=\"https:\/\/cqgclub.dyndns.org\/likyneko\/wp-content\/uploads\/2023\/07\/silece_Plan-de-travail-1-copie_Plan-de-travail-1-copie.png\" alt=\"silece_Plan de travail 1 copie_Plan de travail 1 copie\" itemprop=\"image\" height=\"1752\" width=\"1755\" title=\"silece_Plan de travail 1 copie_Plan de travail 1 copie\" onerror=\"this.style.display='none'\"  \/>\n\t\t\t\t<img loading=\"lazy\" decoding=\"async\" src=\"https:\/\/cqgclub.dyndns.org\/likyneko\/wp-content\/uploads\/2023\/06\/vue-eclatee.png\" alt=\"vue-eclatee\" itemprop=\"image\" height=\"988\" width=\"796\" title=\"vue-eclatee\" onerror=\"this.style.display='none'\"  \/>\n<h2>\n\t\tFacile \u00e0 nettoyer\n\t<\/h2>\n\t<p>Pas de recoin, replis ou rebord difficile d&rsquo;acc\u00e8s<\/p>\n<p>Pi\u00e8ces l\u00e9g\u00e8res, incassables et faciles \u00e0 manipuler<\/p>\n<p>Passe au lave-vaisselle<\/p>\n<h2>\n\t\tAvec une appli c&rsquo;est plus sympa\n\t<\/h2>\n\t<p>L&rsquo;application gratuite vous permet de :<\/p>\n<p>Cr\u00e9er des alertes de niveau d&rsquo;eau<\/p>\n<p>Programmer des rappels pour l&rsquo;entretien<\/p>\n<p>R\u00e9gler le d\u00e9bit d&rsquo;eau<\/p>\n<p>R\u00e9gler la fr\u00e9quence et la dur\u00e9e de fonctionnement<\/p>\n\t\t\t\t<img loading=\"lazy\" decoding=\"async\" src=\"https:\/\/cqgclub.dyndns.org\/likyneko\/wp-content\/uploads\/2023\/07\/HANDPHONE-e1689694386318-837x1024.png\" alt=\"HANDPHONE\" itemprop=\"image\" height=\"1024\" width=\"837\" title=\"HANDPHONE\" onerror=\"this.style.display='none'\"  \/>\n<h2>\n\t\tAutonomie\n\t<\/h2>\n<h2>\n\t\tFacile \u00e0 nettoyer\n\t<\/h2>\n<h2>\n\t\tS\u00e9curis\u00e9e\n\t<\/h2>\n<h2>\n\t\tDurable\n\t<\/h2>\n<h2>\n\t\tSilencieuse\n\t<\/h2>\n<h2>\n\t\tConnect\u00e9e\n\t<\/h2>\n<h2>\n\t\tFiltration 5 niveaux\n\t<\/h2>\n<h2>\n\t\tCr\u00e9\u00e9e avec amour\n\t<\/h2>\n\t\t\t\t<img loading=\"lazy\" decoding=\"async\" src=\"https:\/\/cqgclub.dyndns.org\/likyneko\/wp-content\/uploads\/2023\/06\/logo.LikyNeko.100x89.png\" alt=\"logo.LikyNeko.100x89\" itemprop=\"image\" height=\"89\" width=\"100\" title=\"logo.LikyNeko.100x89\" onerror=\"this.style.display='none'\"  \/>\n\t\t\t\t<img loading=\"lazy\" decoding=\"async\" src=\"https:\/\/cqgclub.dyndns.org\/likyneko\/wp-content\/uploads\/2023\/07\/TR-FONT-C1-LK.2100.jpg\" alt=\"TR-FONT-C1-LK.2100\" itemprop=\"image\" height=\"2100\" width=\"2100\" title=\"TR-FONT-C1-LK.2100\" onerror=\"this.style.display='none'\"  \/>\n<p class=\"product woocommerce add_to_cart_inline \" style=\"border:4px solid #ccc; padding: 12px;\"><span class=\"woocommerce-Price-amount amount\"><bdi>79.90<span class=\"woocommerce-Price-currencySymbol\">&euro;<\/span><\/bdi><\/span><a href=\"\/likyneko\/wp-json\/wp\/v2\/pages\/5?add-to-cart=170\" aria-describedby=\"woocommerce_loop_add_to_cart_link_describedby_170\" data-quantity=\"1\" class=\"button product_type_simple add_to_cart_button ajax_add_to_cart\" data-product_id=\"170\" data-product_sku=\"FONT-C1-LK\" aria-label=\"Ajouter au panier\u00a0: &ldquo;Fontaine \u00e0 eau connect\u00e9e pour animaux de compagnie&rdquo;\" rel=\"nofollow\" data-success_message=\"\u00ab\u00a0Fontaine \u00e0 eau connect\u00e9e pour animaux de compagnie\u00a0\u00bb a \u00e9t\u00e9 ajout\u00e9 \u00e0 votre panier\" role=\"button\">Ajouter au panier<\/a>\t<span id=\"woocommerce_loop_add_to_cart_link_describedby_170\" class=\"screen-reader-text\">\n\t\t\t<\/span>\n<\/p>\n\t<p>Livraison offerte<\/p>\n<h2>\n\t\tAccessoires\n\t<\/h2>\n\t\t<h3>Filtres<\/h3>\n\t\t\t\t<img loading=\"lazy\" decoding=\"async\" src=\"https:\/\/cqgclub.dyndns.org\/likyneko\/wp-content\/uploads\/2023\/06\/08-PhotoRoom-260x300.jpg\" alt=\"08-PhotoRoom\" itemprop=\"image\" height=\"300\" width=\"260\" title=\"08-PhotoRoom\" onerror=\"this.style.display='none'\"  \/>\n\t\t\t<p>Lot de 3 filtres de remplacement<\/p>\n\t\t\t<a href=\"\" target=\"_self\" rel=\"noopener\">\n\t\t\t\t\t\tAjouter au panier\n\t\t\t\t\t<\/a>\n\t\t<h3>Filtres<\/h3>\n\t\t\t\t<img loading=\"lazy\" decoding=\"async\" src=\"https:\/\/cqgclub.dyndns.org\/likyneko\/wp-content\/uploads\/2023\/06\/08-PhotoRoom-260x300.jpg\" alt=\"08-PhotoRoom\" itemprop=\"image\" height=\"300\" width=\"260\" title=\"08-PhotoRoom\" onerror=\"this.style.display='none'\"  \/>\n\t\t\t<p>Lot de 3 filtres de remplacement<\/p>\n\t\t\t<a href=\"\" target=\"_self\" rel=\"noopener\">\n\t\t\t\t\t\tAjouter au panier\n\t\t\t\t\t<\/a>\n<div class=\"woocommerce \"><ul class=\"products columns-1\">\n<li class=\"product type-product post-280 status-publish first instock product_cat-fontaine-a-eau has-post-thumbnail taxable shipping-taxable purchasable product-type-simple\">\n\t<a href=\"https:\/\/cqgclub.dyndns.org\/likyneko\/produit\/lot-de-4-filtres-de-remplacement-pour-fontaine-connectee\/\" class=\"woocommerce-LoopProduct-link woocommerce-loop-product__link\"><img loading=\"lazy\" decoding=\"async\" width=\"300\" height=\"300\" src=\"https:\/\/cqgclub.dyndns.org\/likyneko\/wp-content\/uploads\/2023\/08\/MAIN-filtre.2000-300x300.jpg\" class=\"attachment-woocommerce_thumbnail size-woocommerce_thumbnail\" alt=\"Pack 4 filtres pour fontaine \u00e0 eau\" srcset=\"https:\/\/cqgclub.dyndns.org\/likyneko\/wp-content\/uploads\/2023\/08\/MAIN-filtre.2000-300x300.jpg 300w, https:\/\/cqgclub.dyndns.org\/likyneko\/wp-content\/uploads\/2023\/08\/MAIN-filtre.2000-1024x1024.jpg 1024w, https:\/\/cqgclub.dyndns.org\/likyneko\/wp-content\/uploads\/2023\/08\/MAIN-filtre.2000-150x150.jpg 150w, https:\/\/cqgclub.dyndns.org\/likyneko\/wp-content\/uploads\/2023\/08\/MAIN-filtre.2000-768x768.jpg 768w, https:\/\/cqgclub.dyndns.org\/likyneko\/wp-content\/uploads\/2023\/08\/MAIN-filtre.2000-1536x1536.jpg 1536w, https:\/\/cqgclub.dyndns.org\/likyneko\/wp-content\/uploads\/2023\/08\/MAIN-filtre.2000-600x600.jpg 600w, https:\/\/cqgclub.dyndns.org\/likyneko\/wp-content\/uploads\/2023\/08\/MAIN-filtre.2000-100x100.jpg 100w, https:\/\/cqgclub.dyndns.org\/likyneko\/wp-content\/uploads\/2023\/08\/MAIN-filtre.2000.jpg 2000w\" sizes=\"auto, (max-width: 300px) 100vw, 300px\" \/><h2 class=\"woocommerce-loop-product__title\">Pack 4 filtres pour fontaine \u00e0 eau<\/h2>\n\t<span class=\"price\"><span class=\"woocommerce-Price-amount amount\"><bdi>12.90<span class=\"woocommerce-Price-currencySymbol\">&euro;<\/span><\/bdi><\/span><\/span>\n<\/a><a href=\"\/likyneko\/wp-json\/wp\/v2\/pages\/5?add-to-cart=280\" aria-describedby=\"woocommerce_loop_add_to_cart_link_describedby_280\" data-quantity=\"1\" class=\"button product_type_simple add_to_cart_button ajax_add_to_cart\" data-product_id=\"280\" data-product_sku=\"FP-C1-LK\" aria-label=\"Ajouter au panier\u00a0: &ldquo;Pack 4 filtres pour fontaine \u00e0 eau&rdquo;\" rel=\"nofollow\" data-success_message=\"\u00ab\u00a0Pack 4 filtres pour fontaine \u00e0 eau\u00a0\u00bb a \u00e9t\u00e9 ajout\u00e9 \u00e0 votre panier\" role=\"button\">Ajouter au panier<\/a>\t<span id=\"woocommerce_loop_add_to_cart_link_describedby_280\" class=\"screen-reader-text\">\n\t\t\t<\/span>\n<\/li>\n<\/ul>\n<\/div>\n","protected":false},"excerpt":{"rendered":"<p>Fontaine \u00e0 eau connect\u00e9e pour les animaux de compagnie Livraison offerte La fontaine id\u00e9ale pour vos chiens, chats et chatons. Elle ravira aussi les furets, les rongeurs et les oiseaux. Des animaux en bonne sant\u00e9 Digestion, sant\u00e9 r\u00e9nale, r\u00e9gulation de la temp\u00e9rature corporelle, etc. Le mouvement de l&rsquo;eau attire l&rsquo;attention et incite \u00e0 boire L&rsquo;eau&hellip;<\/p>\n","protected":false},"author":1,"featured_media":0,"parent":0,"menu_order":0,"comment_status":"closed","ping_status":"closed","template":"","meta":{"footnotes":""},"class_list":["post-5","page","type-page","status-publish","hentry"],"lang":"fr","translations":{"fr":5,"en":174,"de":175,"it":176,"es":177,"pl":178,"tr":179,"sv":180,"nl":181,"cs":182},"pll_sync_post":[],"_links":{"self":[{"href":"https:\/\/cqgclub.dyndns.org\/likyneko\/wp-json\/wp\/v2\/pages\/5","targetHints":{"allow":["GET"]}}],"collection":[{"href":"https:\/\/cqgclub.dyndns.org\/likyneko\/wp-json\/wp\/v2\/pages"}],"about":[{"href":"https:\/\/cqgclub.dyndns.org\/likyneko\/wp-json\/wp\/v2\/types\/page"}],"author":[{"embeddable":true,"href":"https:\/\/cqgclub.dyndns.org\/likyneko\/wp-json\/wp\/v2\/users\/1"}],"replies":[{"embeddable":true,"href":"https:\/\/cqgclub.dyndns.org\/likyneko\/wp-json\/wp\/v2\/comments?post=5"}],"version-history":[{"count":94,"href":"https:\/\/cqgclub.dyndns.org\/likyneko\/wp-json\/wp\/v2\/pages\/5\/revisions"}],"predecessor-version":[{"id":426,"href":"https:\/\/cqgclub.dyndns.org\/likyneko\/wp-json\/wp\/v2\/pages\/5\/revisions\/426"}],"wp:attachment":[{"href":"https:\/\/cqgclub.dyndns.org\/likyneko\/wp-json\/wp\/v2\/media?parent=5"}],"curies":[{"name":"wp","href":"https:\/\/api.w.org\/{rel}","templated":true}]}}