{"id":608,"date":"2023-09-04T17:45:56","date_gmt":"2023-09-04T15:45:56","guid":{"rendered":"https:\/\/cqgclub.dyndns.org\/likyneko\/?page_id=608"},"modified":"2023-09-04T17:45:56","modified_gmt":"2023-09-04T15:45:56","slug":"tc-rgpd-aviso-legal","status":"publish","type":"page","link":"https:\/\/cqgclub.dyndns.org\/likyneko\/es\/tc-rgpd-aviso-legal\/","title":{"rendered":"T&amp;C, RGPD &amp; Aviso Legal"},"content":{"rendered":"\n<h2 class=\"wp-block-heading has-large-font-size\">Aviso Legal<\/h2>\n\n\n\n<p><strong>Editor<\/strong><br>El sitio likyneko.com est\u00e1 editado por:<br>Informatech SARL<br>7 rue de l&rsquo;\u00e9cureuil<br>38130 ECHIROLLES<br>SARL con un capital de \u20ac1,000<br>RC 498649813<br>Tel\u00e9fono: +33621841586<br>Correo electr\u00f3nico: <a href=\"mailto:contact@cqgclub.dyndns.org\">contact@cqgclub.dyndns.org<\/a><br>El responsable de la publicaci\u00f3n es el Sr. ROBBE C\u00e9dric.<br><strong>Alojamiento<\/strong><br>likyneko.com est\u00e1 alojado por:<br>Gandi<br>63-65 boulevard Massena<br>75013 Paris<br>Francia<\/p>\n\n\n\n<h2 class=\"wp-block-heading has-large-font-size\"><strong>T\u00e9rminos y Condiciones Generales de Venta &#8211; Liky Neko<\/strong><\/h2>\n\n\n\n<p><em>La versi\u00f3n en franc\u00e9s de estos T\u00e9rminos y Condiciones Generales es la versi\u00f3n oficial. En caso de discrepancias o ambig\u00fcedades, prevalecer\u00e1 la versi\u00f3n en franc\u00e9s.<\/em><\/p>\n\n\n\n<ol class=\"wp-block-list\">\n<li><strong>Introducci\u00f3n<\/strong><br>El sitio web likyneko.com es operado por Informatech SARL, una compa\u00f1\u00eda ubicada en 7 rue de l&rsquo;\u00e9cureuil, 38130 Echirolles, FRANCIA. Puede contactarnos en <a href=\"mailto:contact@cqgclub.dyndns.org\">contact@cqgclub.dyndns.org<\/a> o +33621841586.<\/li>\n\n\n\n<li><strong>Pedido y Pago<\/strong><br>Los pedidos se confirman al recibir el pago. Los m\u00e9todos de pago incluyen tarjeta de cr\u00e9dito (a trav\u00e9s de Stripe), PayPal, y otros m\u00e9todos potenciales como ApplePay o GooglePay.<\/li>\n\n\n\n<li><strong>Precios<\/strong><br>Todos los precios incluyen impuestos. Generalmente, la entrega es gratuita, pero cualquier tarifa de env\u00edo, si aplica, ser\u00e1 claramente indicada antes del pago.<\/li>\n\n\n\n<li><strong>Entrega<\/strong><br>Los productos ser\u00e1n enviados dentro de 5 d\u00edas despu\u00e9s de la confirmaci\u00f3n del pedido. El transportista espec\u00edfico utilizado puede variar seg\u00fan el pa\u00eds. Los productos pueden ser enviados desde varios almacenes europeos, incluyendo, pero no limitado a, Francia, Italia, Alemania, Espa\u00f1a, Rep\u00fablica Checa y Polonia.<\/li>\n\n\n\n<li><strong>Derecho de Desistimiento y Devoluciones<\/strong><br>De acuerdo con la Directiva de Derechos del Consumidor de la UE (2011\/83\/UE), los compradores tienen un derecho de desistimiento, que likyneko.com ha extendido a 30 d\u00edas. Cualquier devoluci\u00f3n corre a cargo del comprador. Los productos devueltos deben estar como nuevos y en su embalaje original. Cualquier producto que se encuentre da\u00f1ado o no vendible como nuevo ser\u00e1 rechazado y devuelto al comprador a su cargo. Para productos que se pueden vender como reacondicionados o usados, solo se emitir\u00e1 un reembolso parcial.<\/li>\n\n\n\n<li><strong>Garant\u00eda<\/strong><br>Los productos est\u00e1n cubiertos por la garant\u00eda legal.<\/li>\n\n\n\n<li><strong>Jurisdicci\u00f3n<\/strong><br>Cualquier disputa estar\u00e1 bajo la jurisdicci\u00f3n del Tribunal de Comercio de Grenoble.<\/li>\n\n\n\n<li><strong>Datos Personales<\/strong><br>Los detalles sobre c\u00f3mo manejamos sus datos personales se proporcionar\u00e1n en nuestra p\u00e1gina de RGPD, que se publicar\u00e1 despu\u00e9s de estos T&amp;Cs.<\/li>\n\n\n\n<li><strong>Derechos de Autor<\/strong><br>El contenido de este sitio web est\u00e1 protegido y es propiedad de la marca Liky Neko.<\/li>\n\n\n\n<li><strong>Modificaci\u00f3n<\/strong><br>Los T\u00e9rminos y Condiciones Generales pueden ser actualizados peri\u00f3dicamente. La versi\u00f3n disponible en likyneko.com en el momento de la compra ser\u00e1 la versi\u00f3n aplicable para esa compra.<\/li>\n<\/ol>\n\n\n\n<h2 class=\"wp-block-heading has-large-font-size\"><strong>Pol\u00edtica de privacidad y protecci\u00f3n de datos personales<\/strong><\/h2>\n\n\n\n<p><strong>1. Introducci\u00f3n<\/strong><\/p>\n\n\n\n<p>Para Informatech SARL, la protecci\u00f3n de sus datos personales es de suma importancia. Esta pol\u00edtica de privacidad describe c\u00f3mo tratamos y protegemos sus datos personales cuando visita nuestro sitio web likyneko.com.<\/p>\n\n\n\n<p><strong>2. Recopilaci\u00f3n y uso de datos personales<\/strong><\/p>\n\n\n\n<p>Los datos personales que recopilamos se utilizan exclusivamente para procesar su pedido. Estos datos incluyen, entre otros, su nombre, direcci\u00f3n, direcci\u00f3n de correo electr\u00f3nico y n\u00famero de tel\u00e9fono.<\/p>\n\n\n\n<p>Es posible que algunas de estas informaciones se compartan con el transportista \u00fanicamente para garantizar la entrega de su pedido. A menos que usted haya dado su consentimiento expl\u00edcito, estos datos no se utilizar\u00e1n con fines comerciales.<\/p>\n\n\n\n<p><strong>3. Cookies<\/strong><\/p>\n\n\n\n<p>Nuestro sitio web utiliza cookies para facilitar su navegaci\u00f3n. Estas cookies no se examinan ni se comparten con terceros. Su \u00fanica finalidad es mejorar su experiencia de usuario en nuestro sitio.<\/p>\n\n\n\n<p><strong>4. An\u00e1lisis y estad\u00edsticas<\/strong><\/p>\n\n\n\n<p>Los datos de navegaci\u00f3n se reportan de forma an\u00f3nima en un servidor privado propiedad de Informatech SARL y se analizan con el software Matomo, una alternativa respetuosa con la privacidad a Google Analytics.<\/p>\n\n\n\n<p><strong>5. Compartir datos personales<\/strong><\/p>\n\n\n\n<p>Nos comprometemos a no compartir, vender o divulgar sus datos personales a terceros, excepto para los prop\u00f3sitos de procesamiento del pedido mencionados anteriormente.<\/p>\n\n\n\n<p><strong>6. Derechos del usuario<\/strong><\/p>\n\n\n\n<p>De acuerdo con el Reglamento General de Protecci\u00f3n de Datos (RGPD), tiene derecho a acceder, modificar y eliminar sus datos personales. Sin embargo, cierta informaci\u00f3n necesaria para la contabilidad de nuestra empresa no puede ser eliminada.<\/p>\n\n\n\n<p>Para ejercer estos derechos, puede ponerse en contacto con nosotros en la siguiente direcci\u00f3n: <a href=\"mailto:contact@cqgclub.dyndns.org\">contact@cqgclub.dyndns.org<\/a>.<\/p>\n\n\n\n<p><strong>7. Seguridad<\/strong><\/p>\n\n\n\n<p>Tomamos todas las medidas necesarias para garantizar la seguridad de sus datos personales. Estas medidas incluyen procedimientos f\u00edsicos, t\u00e9cnicos y administrativos para prevenir el acceso no autorizado, la p\u00e9rdida o el mal uso.<\/p>\n","protected":false},"excerpt":{"rendered":"<p>Aviso Legal EditorEl sitio likyneko.com est\u00e1 editado por:Informatech SARL7 rue de l&rsquo;\u00e9cureuil38130 ECHIROLLESSARL con un capital de \u20ac1,000RC 498649813Tel\u00e9fono: +33621841586Correo electr\u00f3nico: contact@cqgclub.dyndns.orgEl responsable de la publicaci\u00f3n es el Sr. ROBBE C\u00e9dric.Alojamientolikyneko.com est\u00e1 alojado por:Gandi63-65 boulevard Massena75013 ParisFrancia T\u00e9rminos y Condiciones Generales de Venta &#8211; Liky Neko La versi\u00f3n en franc\u00e9s de estos T\u00e9rminos y Condiciones&hellip;<\/p>\n","protected":false},"author":1,"featured_media":0,"parent":0,"menu_order":0,"comment_status":"closed","ping_status":"closed","template":"","meta":{"footnotes":""},"class_list":["post-608","page","type-page","status-publish","hentry"],"lang":"es","translations":{"es":608,"en":606,"fr":599,"de":610,"it":612,"pl":614,"nl":616,"cs":618,"sv":620,"tr":622},"pll_sync_post":[],"_links":{"self":[{"href":"https:\/\/cqgclub.dyndns.org\/likyneko\/wp-json\/wp\/v2\/pages\/608","targetHints":{"allow":["GET"]}}],"collection":[{"href":"https:\/\/cqgclub.dyndns.org\/likyneko\/wp-json\/wp\/v2\/pages"}],"about":[{"href":"https:\/\/cqgclub.dyndns.org\/likyneko\/wp-json\/wp\/v2\/types\/page"}],"author":[{"embeddable":true,"href":"https:\/\/cqgclub.dyndns.org\/likyneko\/wp-json\/wp\/v2\/users\/1"}],"replies":[{"embeddable":true,"href":"https:\/\/cqgclub.dyndns.org\/likyneko\/wp-json\/wp\/v2\/comments?post=608"}],"version-history":[{"count":1,"href":"https:\/\/cqgclub.dyndns.org\/likyneko\/wp-json\/wp\/v2\/pages\/608\/revisions"}],"predecessor-version":[{"id":609,"href":"https:\/\/cqgclub.dyndns.org\/likyneko\/wp-json\/wp\/v2\/pages\/608\/revisions\/609"}],"wp:attachment":[{"href":"https:\/\/cqgclub.dyndns.org\/likyneko\/wp-json\/wp\/v2\/media?parent=608"}],"curies":[{"name":"wp","href":"https:\/\/api.w.org\/{rel}","templated":true}]}}