{"id":618,"date":"2023-09-04T17:56:39","date_gmt":"2023-09-04T15:56:39","guid":{"rendered":"https:\/\/cqgclub.dyndns.org\/likyneko\/?page_id=618"},"modified":"2023-09-04T17:56:39","modified_gmt":"2023-09-04T15:56:39","slug":"vop-gdpr-pravni-upozorneni","status":"publish","type":"page","link":"https:\/\/cqgclub.dyndns.org\/likyneko\/cs\/vop-gdpr-pravni-upozorneni\/","title":{"rendered":"VOP, GDPR &amp; Pr\u00e1vn\u00ed upozorn\u011bn\u00ed"},"content":{"rendered":"\n<h2 class=\"wp-block-heading has-large-font-size\">Pr\u00e1vn\u00ed ozn\u00e1men\u00ed<\/h2>\n\n\n\n<p><strong>Vydavatel<\/strong><br>Webov\u00e9 str\u00e1nky likyneko.com vyd\u00e1v\u00e1:<br>Informatech SARL<br>7 rue de l&rsquo;\u00e9cureuil<br>38130 ECHIROLLES<br>SARL s kapit\u00e1lem 1 000 \u20ac<br>RC 498649813<br>Telefon: +33621841586<br>E-mail: <a href=\"mailto:contact@cqgclub.dyndns.org\">contact@cqgclub.dyndns.org<\/a><br>Odpov\u011bdn\u00fd redaktor je pan ROBBE C\u00e9dric.<br><strong>Hosting<\/strong><br>likyneko.com hostuje:<br>Gandi<br>63-65 boulevard Massena<br>75013 Pa\u0159\u00ed\u017e<br>Francie<\/p>\n\n\n\n<h2 class=\"wp-block-heading has-large-font-size\"><strong>Obchodn\u00ed podm\u00ednky &#8211; Liky Neko<\/strong><\/h2>\n\n\n\n<p><em>Ofici\u00e1ln\u00ed verz\u00ed t\u011bchto obchodn\u00edch podm\u00ednek je francouzsk\u00e1 verze. V p\u0159\u00edpad\u011b nejasnost\u00ed m\u00e1 p\u0159ednost francouzsk\u00e1 verze.<\/em><\/p>\n\n\n\n<ol class=\"wp-block-list\">\n<li><strong>\u00davod<\/strong><br>Webov\u00e9 str\u00e1nky likyneko.com provozuje spole\u010dnost Informatech SARL, se s\u00eddlem na adrese 7 rue de l&rsquo;\u00e9cureuil, 38130 Echirolles, FRANCE. M\u016f\u017eete n\u00e1s kontaktovat na e-mailu <a href=\"mailto:contact@cqgclub.dyndns.org\">contact@cqgclub.dyndns.org<\/a> nebo na telefonn\u00edm \u010d\u00edsle +33621841586.<\/li>\n\n\n\n<li><strong>Objedn\u00e1vky a platby<\/strong><br>Objedn\u00e1vky jsou potvrzeny po p\u0159ijet\u00ed platby. P\u0159ij\u00edman\u00e9 platebn\u00ed metody zahrnuj\u00ed platebn\u00ed karty (prost\u0159ednictv\u00edm Stripe), PayPal a mo\u017en\u00e1 dal\u0161\u00ed metody, nap\u0159. ApplePay nebo GooglePay.<\/li>\n\n\n\n<li><strong>Ceny<\/strong><br>V\u0161echny ceny jsou s DPH. Doru\u010den\u00ed je obvykle zdarma, ale v\u0161echny poplatky za dopravu jsou p\u0159ed platbou jasn\u011b uvedeny.<\/li>\n\n\n\n<li><strong>Dod\u00e1n\u00ed<\/strong><br>Produkty jsou odesl\u00e1ny do 5 dn\u016f od potvrzen\u00ed objedn\u00e1vky. P\u0159epravce se m\u016f\u017ee li\u0161it v z\u00e1vislosti na zemi. Produkty mohou b\u00fdt odesl\u00e1ny z r\u016fzn\u00fdch sklad\u016f v Evrop\u011b, v\u010detn\u011b Francie, It\u00e1lie, N\u011bmecka, \u0160pan\u011blska, \u010cesk\u00e9 republiky a Polska.<\/li>\n\n\n\n<li><strong>Pr\u00e1vo na odstoupen\u00ed od smlouvy a vr\u00e1cen\u00ed zbo\u017e\u00ed<\/strong><br>Podle sm\u011brnice EU o spot\u0159ebitelsk\u00fdch pr\u00e1vech (2011\/83\/EU) maj\u00ed kupuj\u00edc\u00ed pr\u00e1vo na odstoupen\u00ed od smlouvy, kter\u00e9 bylo na likyneko.com prodlou\u017eeno na 30 dn\u016f. N\u00e1klady na vr\u00e1cen\u00ed zbo\u017e\u00ed hrad\u00ed kupuj\u00edc\u00ed. Vracen\u00e9 produkty mus\u00ed b\u00fdt v nov\u00e9m stavu a v p\u016fvodn\u00edm obalu.<\/li>\n\n\n\n<li><strong>Z\u00e1ruka<\/strong><br>Produkty jsou prod\u00e1v\u00e1ny s z\u00e1konnou z\u00e1rukou.<\/li>\n\n\n\n<li><strong>Spory<\/strong><br>Ve\u0161ker\u00e9 spory \u0159e\u0161\u00ed obchodn\u00ed soud v Grenoble, Francie.<\/li>\n\n\n\n<li><strong>Ochrana \u00fadaj\u016f<\/strong><br>Konkr\u00e9tn\u00ed str\u00e1nka GDPR bude vytvo\u0159ena po t\u011bchto Obchodn\u00edch podm\u00ednk\u00e1ch.<\/li>\n\n\n\n<li><strong>Autorsk\u00e1 pr\u00e1va<\/strong><br>Obsah webu je chr\u00e1n\u011bn a pat\u0159\u00ed zna\u010dce Liky Neko.<\/li>\n\n\n\n<li><strong>Zm\u011bna podm\u00ednek<\/strong><br>Spole\u010dnost Informatech SARL si vyhrazuje pr\u00e1vo kdykoli tyto podm\u00ednky zm\u011bnit. U\u017eivatel\u00e9 budou o takov\u00fdch zm\u011bn\u00e1ch informov\u00e1ni na likyneko.com.<\/li>\n<\/ol>\n\n\n\n<h2 class=\"wp-block-heading has-large-font-size\"><strong>Z\u00e1sady ochrany osobn\u00edch \u00fadaj\u016f a soukrom\u00ed<\/strong><\/h2>\n\n\n\n<p><strong>1. \u00davod<\/strong><\/p>\n\n\n\n<p>Pro spole\u010dnost Informatech SARL je ochrana va\u0161ich osobn\u00edch \u00fadaj\u016f nejvy\u0161\u0161\u00ed prioritou. Tato z\u00e1sada ochrany osobn\u00edch \u00fadaj\u016f popisuje, jak zach\u00e1z\u00edme s va\u0161imi osobn\u00edmi \u00fadaji p\u0159i n\u00e1v\u0161t\u011bv\u011b na\u0161ich webov\u00fdch str\u00e1nek likyneko.com.<\/p>\n\n\n\n<p><strong>2. Sb\u011br a pou\u017eit\u00ed osobn\u00edch \u00fadaj\u016f<\/strong><\/p>\n\n\n\n<p>Osobn\u00ed \u00fadaje, kter\u00e9 sb\u00edr\u00e1me, jsou pou\u017e\u00edv\u00e1ny v\u00fdhradn\u011b pro zpracov\u00e1n\u00ed va\u0161\u00ed objedn\u00e1vky. Zahrnuje to va\u0161e jm\u00e9no, adresu, e-mail a telefonn\u00ed \u010d\u00edslo.<\/p>\n\n\n\n<p>N\u011bkter\u00e9 z t\u011bchto informac\u00ed mohou b\u00fdt p\u0159ed\u00e1ny p\u0159epravci pouze za \u00fa\u010delem zaji\u0161t\u011bn\u00ed doru\u010den\u00ed va\u0161\u00ed objedn\u00e1vky. Pokud nevyj\u00e1d\u0159\u00edte v\u00fdslovn\u00fd souhlas, tyto \u00fadaje nebudou pou\u017eity pro komer\u010dn\u00ed \u00fa\u010dely.<\/p>\n\n\n\n<p><strong>3. Cookies<\/strong><\/p>\n\n\n\n<p>Na\u0161e webov\u00e9 str\u00e1nky pou\u017e\u00edvaj\u00ed cookies v\u00fdhradn\u011b k usnadn\u011bn\u00ed va\u0161\u00ed navigace. Tyto cookies nejsou zkoum\u00e1ny ani sd\u00edleny s t\u0159et\u00edmi stranami.<\/p>\n\n\n\n<p><strong>4. Anal\u00fdza a statistika<\/strong><\/p>\n\n\n\n<p>Naviga\u010dn\u00ed \u00fadaje jsou anonymn\u011b ukl\u00e1d\u00e1ny na soukrom\u00e9m serveru vlastn\u011bn\u00e9m spole\u010dnost\u00ed Informatech SARL a jsou analyzov\u00e1ny pomoc\u00ed softwaru Matomo, co\u017e je alternativa k Google Analytics, kter\u00e1 respektuje soukrom\u00ed.<\/p>\n\n\n\n<p><strong>5. Sd\u00edlen\u00ed osobn\u00edch \u00fadaj\u016f<\/strong><\/p>\n\n\n\n<p>Zavazujeme se ne sd\u00edlet, neprod\u00e1vat ani nep\u0159ed\u00e1vat va\u0161e osobn\u00ed \u00fadaje t\u0159et\u00edm stran\u00e1m, s v\u00fdjimkou v\u00fd\u0161e uveden\u00fdch \u00fa\u010del\u016f zpracov\u00e1n\u00ed objedn\u00e1vky.<\/p>\n\n\n\n<p><strong>6. Pr\u00e1va u\u017eivatel\u016f<\/strong><\/p>\n\n\n\n<p>Dle Obecn\u00e9ho na\u0159\u00edzen\u00ed o ochran\u011b osobn\u00edch \u00fadaj\u016f (GDPR) m\u00e1te pr\u00e1vo na p\u0159\u00edstup, opravu a odstran\u011bn\u00ed va\u0161ich osobn\u00edch \u00fadaj\u016f. N\u011bkter\u00e9 informace nezbytn\u00e9 pro \u00fa\u010detnictv\u00ed na\u0161\u00ed spole\u010dnosti v\u0161ak nemohou b\u00fdt odstran\u011bny.<\/p>\n\n\n\n<p>Chcete-li uplatnit tato pr\u00e1va, kontaktujte n\u00e1s na adrese: <a href=\"mailto:contact@cqgclub.dyndns.org\">contact@cqgclub.dyndns.org<\/a>.<\/p>\n\n\n\n<p><strong>7. Bezpe\u010dnost<\/strong><\/p>\n\n\n\n<p>P\u0159ij\u00edm\u00e1me v\u0161echna nezbytn\u00e1 opat\u0159en\u00ed k zaji\u0161t\u011bn\u00ed bezpe\u010dnosti va\u0161ich osobn\u00edch \u00fadaj\u016f. Zahrnuje to fyzick\u00e1, technick\u00e1 a administrativn\u00ed opat\u0159en\u00ed k zabr\u00e1n\u011bn\u00ed neopr\u00e1vn\u011bn\u00e9mu p\u0159\u00edstupu, ztr\u00e1t\u011b nebo zneu\u017eit\u00ed.<\/p>\n","protected":false},"excerpt":{"rendered":"<p>Pr\u00e1vn\u00ed ozn\u00e1men\u00ed VydavatelWebov\u00e9 str\u00e1nky likyneko.com vyd\u00e1v\u00e1:Informatech SARL7 rue de l&rsquo;\u00e9cureuil38130 ECHIROLLESSARL s kapit\u00e1lem 1 000 \u20acRC 498649813Telefon: +33621841586E-mail: contact@cqgclub.dyndns.orgOdpov\u011bdn\u00fd redaktor je pan ROBBE C\u00e9dric.Hostinglikyneko.com hostuje:Gandi63-65 boulevard Massena75013 Pa\u0159\u00ed\u017eFrancie Obchodn\u00ed podm\u00ednky &#8211; Liky Neko Ofici\u00e1ln\u00ed verz\u00ed t\u011bchto obchodn\u00edch podm\u00ednek je francouzsk\u00e1 verze. V p\u0159\u00edpad\u011b nejasnost\u00ed m\u00e1 p\u0159ednost francouzsk\u00e1 verze. Z\u00e1sady ochrany osobn\u00edch \u00fadaj\u016f a soukrom\u00ed 1.&hellip;<\/p>\n","protected":false},"author":1,"featured_media":0,"parent":0,"menu_order":0,"comment_status":"closed","ping_status":"closed","template":"","meta":{"footnotes":""},"class_list":["post-618","page","type-page","status-publish","hentry"],"lang":"cs","translations":{"cs":618,"en":606,"fr":599,"es":608,"de":610,"it":612,"pl":614,"nl":616,"sv":620,"tr":622},"pll_sync_post":[],"_links":{"self":[{"href":"https:\/\/cqgclub.dyndns.org\/likyneko\/wp-json\/wp\/v2\/pages\/618","targetHints":{"allow":["GET"]}}],"collection":[{"href":"https:\/\/cqgclub.dyndns.org\/likyneko\/wp-json\/wp\/v2\/pages"}],"about":[{"href":"https:\/\/cqgclub.dyndns.org\/likyneko\/wp-json\/wp\/v2\/types\/page"}],"author":[{"embeddable":true,"href":"https:\/\/cqgclub.dyndns.org\/likyneko\/wp-json\/wp\/v2\/users\/1"}],"replies":[{"embeddable":true,"href":"https:\/\/cqgclub.dyndns.org\/likyneko\/wp-json\/wp\/v2\/comments?post=618"}],"version-history":[{"count":1,"href":"https:\/\/cqgclub.dyndns.org\/likyneko\/wp-json\/wp\/v2\/pages\/618\/revisions"}],"predecessor-version":[{"id":619,"href":"https:\/\/cqgclub.dyndns.org\/likyneko\/wp-json\/wp\/v2\/pages\/618\/revisions\/619"}],"wp:attachment":[{"href":"https:\/\/cqgclub.dyndns.org\/likyneko\/wp-json\/wp\/v2\/media?parent=618"}],"curies":[{"name":"wp","href":"https:\/\/api.w.org\/{rel}","templated":true}]}}