{"id":620,"date":"2023-09-04T17:58:37","date_gmt":"2023-09-04T15:58:37","guid":{"rendered":"https:\/\/cqgclub.dyndns.org\/likyneko\/?page_id=620"},"modified":"2023-09-04T17:58:37","modified_gmt":"2023-09-04T15:58:37","slug":"kf-gdpr-rattsligt-meddelande","status":"publish","type":"page","link":"https:\/\/cqgclub.dyndns.org\/likyneko\/sv\/kf-gdpr-rattsligt-meddelande\/","title":{"rendered":"KF, GDPR &amp; R\u00e4ttsligt Meddelande"},"content":{"rendered":"\n<h2 class=\"wp-block-heading has-large-font-size\">Juridiskt meddelande<\/h2>\n\n\n\n<p><strong>Utgivare<\/strong><br>Webbplatsen likyneko.com publiceras av:<br>Informatech SARL<br>7 rue de l&rsquo;\u00e9cureuil<br>38130 ECHIROLLES<br>SARL med ett kapital p\u00e5 \u20ac1,000<br>RC 498649813<br>Telefon: +33621841586<br>E-post: <a href=\"mailto:contact@cqgclub.dyndns.org\">contact@cqgclub.dyndns.org<\/a><br>Publikationsansvarig \u00e4r Herr ROBBE C\u00e9dric.<br><strong>Hosting<\/strong><br>likyneko.com \u00e4r v\u00e4rd f\u00f6r:<br>Gandi<br>63-65 boulevard Massena<br>75013 Paris<br>Frankrike<\/p>\n\n\n\n<h2 class=\"wp-block-heading has-large-font-size\"><strong>Allm\u00e4nna f\u00f6rs\u00e4ljningsvillkor &#8211; Liky Neko<\/strong><\/h2>\n\n\n\n<p><em>Den franska versionen av dessa Allm\u00e4nna f\u00f6rs\u00e4ljningsvillkor \u00e4r den officiella versionen. Vid eventuella mots\u00e4gelser eller oklarheter har den franska versionen f\u00f6retr\u00e4de.<\/em><\/p>\n\n\n\n<ol class=\"wp-block-list\">\n<li><strong>Introduktion<\/strong><br>likyneko.com drivs av f\u00f6retaget Informatech SARL, bel\u00e4get p\u00e5 7 rue de l&rsquo;\u00e9cureuil, 38130 Echirolles, FRANKRIKE. Du kan n\u00e5 oss p\u00e5 <a href=\"mailto:contact@cqgclub.dyndns.org\">contact@cqgclub.dyndns.org<\/a> eller +33621841586.<\/li>\n\n\n\n<li><strong>Order och betalning<\/strong><br>Ordrar bekr\u00e4ftas efter att betalningen mottagits. Accepterade betalningsmetoder inkluderar kreditkort (via Stripe), PayPal samt andra m\u00f6jliga metoder s\u00e5som ApplePay eller GooglePay.<\/li>\n\n\n\n<li><strong>Priser<\/strong><br>Alla priser \u00e4r inklusive moms. Leverans \u00e4r oftast gratis, men eventuella fraktkostnader anges tydligt innan betalning.<\/li>\n\n\n\n<li><strong>Leverans<\/strong><br>Produkter skickas inom 5 dagar efter att ordern har bekr\u00e4ftats. Fraktbolaget som levererar kan variera beroende p\u00e5 land. Produkter kan skickas fr\u00e5n olika lager i Europa, inklusive Frankrike, Italien, Tyskland, Spanien, Tjeckien och Polen.<\/li>\n\n\n\n<li><strong>\u00c5ngerr\u00e4tt och returer<\/strong><br>Enligt EU-direktivet om konsumentr\u00e4ttigheter (2011\/83\/EU) har k\u00f6pare en \u00e5ngerr\u00e4tt som likyneko.com f\u00f6rl\u00e4nger upp till 30 dagar. Alla returer bekostas av k\u00f6paren. Returnerade produkter ska vara i nyskick och i originalf\u00f6rpackning.<\/li>\n\n\n\n<li><strong>Garanti<\/strong><br>Produkter s\u00e4ljs med laglig garanti.<\/li>\n\n\n\n<li><strong>Tvistl\u00f6sning<\/strong><br>Vid eventuell tvist g\u00e4ller handelsdomstolen i Grenoble, Frankrike, som den beh\u00f6riga domstolen.<\/li>\n\n\n\n<li><strong>Dataskydd<\/strong><br>En s\u00e4rskild sida om GDPR kommer att uppr\u00e4ttas efter dessa Allm\u00e4nna f\u00f6rs\u00e4ljningsvillkor.<\/li>\n\n\n\n<li><strong>Upphovsr\u00e4tt<\/strong><br>Webbplatsens inneh\u00e5ll \u00e4r skyddat och \u00e4gs av m\u00e4rket Liky Neko.<\/li>\n\n\n\n<li><strong>\u00c4ndring av villkoren<\/strong><br>Informatech SARL f\u00f6rbeh\u00e5ller sig r\u00e4tten att \u00e4ndra dessa villkor n\u00e4r som helst. Anv\u00e4ndare kommer att informeras om s\u00e5dana \u00e4ndringar p\u00e5 likyneko.com.<\/li>\n<\/ol>\n\n\n\n<h2 class=\"wp-block-heading has-large-font-size\"><strong>Integritets- och dataskyddspolicy<\/strong><\/h2>\n\n\n\n<p><strong>1. Inledning<\/strong><\/p>\n\n\n\n<p>F\u00f6r Informatech SARL \u00e4r skyddet av dina personuppgifter av st\u00f6rsta vikt. Denna integritetspolicy beskriver hur vi behandlar dina personuppgifter n\u00e4r du bes\u00f6ker v\u00e5r webbplats likyneko.com.<\/p>\n\n\n\n<p><strong>2. Insamling och anv\u00e4ndning av personuppgifter<\/strong><\/p>\n\n\n\n<p>De personuppgifter vi samlar in anv\u00e4nds endast f\u00f6r att behandla din best\u00e4llning. Detta inkluderar ditt namn, adress, e-postadress och telefonnummer.<\/p>\n\n\n\n<p>Viss information kan endast \u00f6verf\u00f6ras till kuriren f\u00f6r att s\u00e4kerst\u00e4lla leverans av din best\u00e4llning. Om du inte uttryckligen har godk\u00e4nt kommer dessa uppgifter inte att anv\u00e4ndas i kommersiella syften.<\/p>\n\n\n\n<p><strong>3. Kakor (Cookies)<\/strong><\/p>\n\n\n\n<p>V\u00e5r webbplats anv\u00e4nder cookies enbart f\u00f6r att underl\u00e4tta din navigering. Dessa cookies granskas inte eller delas med n\u00e5gon tredje part.<\/p>\n\n\n\n<p><strong>4. Analys och statistik<\/strong><\/p>\n\n\n\n<p>Navigeringsdata lagras anonymt p\u00e5 en privat server som \u00e4gs av Informatech SARL och analyseras med programvaran Matomo, ett integritetsv\u00e4nligt alternativ till Google Analytics.<\/p>\n\n\n\n<p><strong>5. Delning av personuppgifter<\/strong><\/p>\n\n\n\n<p>Vi \u00e5tar oss att inte dela, s\u00e4lja eller \u00f6verf\u00f6ra dina personuppgifter till tredje part, f\u00f6rutom f\u00f6r ovan n\u00e4mnda \u00e4ndam\u00e5l f\u00f6r orderhantering.<\/p>\n\n\n\n<p><strong>6. Anv\u00e4ndares r\u00e4ttigheter<\/strong><\/p>\n\n\n\n<p>Enligt den allm\u00e4nna dataskyddsf\u00f6rordningen (GDPR) har du r\u00e4tt att f\u00e5 tillg\u00e5ng till, korrigera och radera dina personuppgifter. Viss information som \u00e4r n\u00f6dv\u00e4ndig f\u00f6r v\u00e5r f\u00f6retagsbokf\u00f6ring kan dock inte raderas.<\/p>\n\n\n\n<p>F\u00f6r att ut\u00f6va dessa r\u00e4ttigheter kan du kontakta oss p\u00e5 f\u00f6ljande adress: <a href=\"mailto:contact@cqgclub.dyndns.org\">contact@cqgclub.dyndns.org<\/a>.<\/p>\n\n\n\n<p><strong>7. S\u00e4kerhet<\/strong><\/p>\n\n\n\n<p>Vi vidtar alla n\u00f6dv\u00e4ndiga \u00e5tg\u00e4rder f\u00f6r att s\u00e4kerst\u00e4lla skyddet av dina personuppgifter. Detta inkluderar fysiska, tekniska och administrativa \u00e5tg\u00e4rder f\u00f6r att f\u00f6rhindra obeh\u00f6rig \u00e5tkomst, f\u00f6rlust eller missbruk.<\/p>\n","protected":false},"excerpt":{"rendered":"<p>Juridiskt meddelande UtgivareWebbplatsen likyneko.com publiceras av:Informatech SARL7 rue de l&rsquo;\u00e9cureuil38130 ECHIROLLESSARL med ett kapital p\u00e5 \u20ac1,000RC 498649813Telefon: +33621841586E-post: contact@cqgclub.dyndns.orgPublikationsansvarig \u00e4r Herr ROBBE C\u00e9dric.Hostinglikyneko.com \u00e4r v\u00e4rd f\u00f6r:Gandi63-65 boulevard Massena75013 ParisFrankrike Allm\u00e4nna f\u00f6rs\u00e4ljningsvillkor &#8211; Liky Neko Den franska versionen av dessa Allm\u00e4nna f\u00f6rs\u00e4ljningsvillkor \u00e4r den officiella versionen. Vid eventuella mots\u00e4gelser eller oklarheter har den franska versionen f\u00f6retr\u00e4de.&hellip;<\/p>\n","protected":false},"author":1,"featured_media":0,"parent":0,"menu_order":0,"comment_status":"closed","ping_status":"closed","template":"","meta":{"footnotes":""},"class_list":["post-620","page","type-page","status-publish","hentry"],"lang":"sv","translations":{"sv":620,"en":606,"fr":599,"es":608,"de":610,"it":612,"pl":614,"nl":616,"cs":618,"tr":622},"pll_sync_post":[],"_links":{"self":[{"href":"https:\/\/cqgclub.dyndns.org\/likyneko\/wp-json\/wp\/v2\/pages\/620","targetHints":{"allow":["GET"]}}],"collection":[{"href":"https:\/\/cqgclub.dyndns.org\/likyneko\/wp-json\/wp\/v2\/pages"}],"about":[{"href":"https:\/\/cqgclub.dyndns.org\/likyneko\/wp-json\/wp\/v2\/types\/page"}],"author":[{"embeddable":true,"href":"https:\/\/cqgclub.dyndns.org\/likyneko\/wp-json\/wp\/v2\/users\/1"}],"replies":[{"embeddable":true,"href":"https:\/\/cqgclub.dyndns.org\/likyneko\/wp-json\/wp\/v2\/comments?post=620"}],"version-history":[{"count":1,"href":"https:\/\/cqgclub.dyndns.org\/likyneko\/wp-json\/wp\/v2\/pages\/620\/revisions"}],"predecessor-version":[{"id":621,"href":"https:\/\/cqgclub.dyndns.org\/likyneko\/wp-json\/wp\/v2\/pages\/620\/revisions\/621"}],"wp:attachment":[{"href":"https:\/\/cqgclub.dyndns.org\/likyneko\/wp-json\/wp\/v2\/media?parent=620"}],"curies":[{"name":"wp","href":"https:\/\/api.w.org\/{rel}","templated":true}]}}