{"id":622,"date":"2023-09-04T18:00:41","date_gmt":"2023-09-04T16:00:41","guid":{"rendered":"https:\/\/cqgclub.dyndns.org\/likyneko\/?page_id=622"},"modified":"2023-09-04T18:00:41","modified_gmt":"2023-09-04T16:00:41","slug":"ssk-kvkk-yasal-bildirim","status":"publish","type":"page","link":"https:\/\/cqgclub.dyndns.org\/likyneko\/tr\/ssk-kvkk-yasal-bildirim\/","title":{"rendered":"\u015e\u015eK, KVKK &amp; Yasal Bildirim"},"content":{"rendered":"\n<h2 class=\"wp-block-heading has-large-font-size\">Yasal Bildirim<\/h2>\n\n\n\n<p><strong>Yay\u0131nc\u0131<\/strong><br>likyneko.com sitesi taraf\u0131ndan yay\u0131nlanmaktad\u0131r:<br>Informatech SARL<br>7 rue de l&rsquo;\u00e9cureuil<br>38130 ECHIROLLES<br>\u20ac1.000 sermayeli SARL<br>RC 498649813<br>Telefon: +33621841586<br>E-posta: <a href=\"mailto:contact@cqgclub.dyndns.org\">contact@cqgclub.dyndns.org<\/a><br>Yay\u0131n sorumlusu Bay ROBBE C\u00e9dric&rsquo;dir.<br><strong>Bar\u0131nd\u0131rma<\/strong><br>likyneko.com, taraf\u0131ndan bar\u0131nd\u0131r\u0131lmaktad\u0131r:<br>Gandi<br>63-65 boulevard Massena<br>75013 Paris<br>Fransa<\/p>\n\n\n\n<h2 class=\"wp-block-heading has-large-font-size\"><strong>Genel Sat\u0131\u015f \u015eartlar\u0131 &#8211; Liky Neko<\/strong><\/h2>\n\n\n\n<p><em>Bu Genel Sat\u0131\u015f \u015eartlar\u0131n\u0131n Frans\u0131zca versiyonu resmi versiyondur. Herhangi bir \u00e7eli\u015fki veya belirsizlik durumunda Frans\u0131zca versiyon ge\u00e7erlidir.<\/em><\/p>\n\n\n\n<ol class=\"wp-block-list\">\n<li><strong>Giri\u015f<\/strong><br>likyneko.com web sitesi, 7 rue de l&rsquo;\u00e9cureuil, 38130 Echirolles, FRANSA adresinde bulunan Informatech SARL \u015firketi taraf\u0131ndan i\u015fletilmektedir. Bize <a href=\"mailto:contact@cqgclub.dyndns.org\">contact@cqgclub.dyndns.org<\/a> adresinden veya +33621841586 numaral\u0131 telefondan ula\u015fabilirsiniz.<\/li>\n\n\n\n<li><strong>Sipari\u015f ve \u00d6deme<\/strong><br>Sipari\u015fler, \u00f6deme al\u0131nd\u0131ktan sonra onaylan\u0131r. Kabul edilen \u00f6deme y\u00f6ntemleri aras\u0131nda kredi kart\u0131 (Stripe arac\u0131l\u0131\u011f\u0131yla), PayPal ve ApplePay veya GooglePay gibi di\u011fer olas\u0131 y\u00f6ntemler bulunmaktad\u0131r.<\/li>\n\n\n\n<li><strong>Fiyatlar<\/strong><br>T\u00fcm fiyatlar KDV dahildir. Genellikle teslimat \u00fccretsizdir, ancak herhangi bir g\u00f6nderim \u00fccreti varsa, \u00f6deme yap\u0131lmadan \u00f6nce a\u00e7\u0131k\u00e7a belirtilir.<\/li>\n\n\n\n<li><strong>Teslimat<\/strong><br>\u00dcr\u00fcnler, sipari\u015fin onaylanmas\u0131ndan sonraki 5 g\u00fcn i\u00e7inde g\u00f6nderilir. Teslimat\u0131 yapan ta\u015f\u0131y\u0131c\u0131, \u00fclkeye ba\u011fl\u0131 olarak de\u011fi\u015febilir. \u00dcr\u00fcnler, Fransa, \u0130talya, Almanya, \u0130spanya, \u00c7ek Cumhuriyeti ve Polonya dahil olmak \u00fczere Avrupa&rsquo;daki \u00e7e\u015fitli depolardan g\u00f6nderilebilir.<\/li>\n\n\n\n<li><strong>S\u00f6zle\u015fmeden Cayma Hakk\u0131 ve \u0130adeler<\/strong><br>T\u00fcketicinin Haklar\u0131 hakk\u0131ndaki AB Direktifi (2011\/83\/AB) uyar\u0131nca al\u0131c\u0131lar, likyneko.com&rsquo;un 30 g\u00fcne kadar uzatt\u0131\u011f\u0131 bir s\u00f6zle\u015fmeden cayma hakk\u0131na sahiptir. T\u00fcm iadeler, al\u0131c\u0131n\u0131n maliyetine ger\u00e7ekle\u015ftirilir. \u0130ade edilen \u00fcr\u00fcnlerin yeni durumda ve orijinal ambalaj\u0131nda olmas\u0131 gerekir.<\/li>\n\n\n\n<li><strong>Garanti<\/strong><br>\u00dcr\u00fcnler yasal garantisi alt\u0131ndad\u0131r.<\/li>\n\n\n\n<li><strong>Yetkili Mahkeme<\/strong><br>Her t\u00fcrl\u00fc anla\u015fmazl\u0131k durumunda Grenoble Ticaret Mahkemesi yetkilidir.<\/li>\n\n\n\n<li><strong>Ki\u015fisel Verilerin Korunmas\u0131<\/strong><br>Ki\u015fisel verilerin korunmas\u0131 hakk\u0131nda ayr\u0131 bir sayfa haz\u0131rlanm\u0131\u015ft\u0131r ve CGV&rsquo;den sonra sunulacakt\u0131r.<\/li>\n\n\n\n<li><strong>Telif Hakk\u0131<\/strong><br>Web sitesi i\u00e7eri\u011fi korunmaktad\u0131r ve Informatech SARL&rsquo;ye aittir. Telif hakk\u0131 Liky Neko markas\u0131na ait olabilir mi?<\/li>\n\n\n\n<li><strong>De\u011fi\u015fiklikler<\/strong><br>Bu \u015fartlar ve ko\u015fullar istenildi\u011fi zaman de\u011fi\u015ftirilebilir ve g\u00fcncellenebilir.<\/li>\n<\/ol>\n\n\n\n<h2 class=\"wp-block-heading has-large-font-size\"><strong>Gizlilik ve Veri Koruma Politikas\u0131<\/strong><\/h2>\n\n\n\n<p><strong>1. Giri\u015f<\/strong><\/p>\n\n\n\n<p>Informatech SARL i\u00e7in ki\u015fisel verilerinizin korunmas\u0131 en \u00fcst \u00f6nceli\u011fimizdir. Bu gizlilik politikas\u0131, likyneko.com web sitemizi ziyaret etti\u011finizde ki\u015fisel verilerinizin nas\u0131l i\u015flendi\u011fini a\u00e7\u0131klar.<\/p>\n\n\n\n<p><strong>2. Ki\u015fisel Verilerin Toplanmas\u0131 ve Kullan\u0131lmas\u0131<\/strong><\/p>\n\n\n\n<p>Toplad\u0131\u011f\u0131m\u0131z ki\u015fisel veriler yaln\u0131zca sipari\u015finizin i\u015flenmesi i\u00e7in kullan\u0131l\u0131r. Bu, ad\u0131n\u0131z\u0131, adresinizi, e-posta adresinizi ve telefon numaran\u0131z\u0131 i\u00e7erir.<\/p>\n\n\n\n<p>Bu bilgilerden baz\u0131lar\u0131, sipari\u015finizin teslimat\u0131n\u0131 sa\u011flamak amac\u0131yla sadece ta\u015f\u0131y\u0131c\u0131ya iletilir. Aksi a\u00e7\u0131k\u00e7a onay vermediyseniz, bu bilgiler ticari ama\u00e7lar i\u00e7in kullan\u0131lmayacakt\u0131r.<\/p>\n\n\n\n<p><strong>3. \u00c7erezler<\/strong><\/p>\n\n\n\n<p>Web sitemiz yaln\u0131zca gezinmenizi kolayla\u015ft\u0131rmak i\u00e7in \u00e7erezleri kullan\u0131r. Bu \u00e7erezler ne incelenir ne de \u00fc\u00e7\u00fcnc\u00fc taraflarla payla\u015f\u0131l\u0131r.<\/p>\n\n\n\n<p><strong>4. Analiz ve \u0130statistik<\/strong><\/p>\n\n\n\n<p>Tarama verileri, Informatech SARL&rsquo;ye ait \u00f6zel bir sunucuda anonim olarak saklan\u0131r ve gizlili\u011fe sayg\u0131l\u0131 bir Google Analytics alternatifi olan Matomo yaz\u0131l\u0131m\u0131 ile analiz edilir.<\/p>\n\n\n\n<p><strong>5. Ki\u015fisel Verilerin Payla\u015f\u0131m\u0131<\/strong><\/p>\n\n\n\n<p>Ki\u015fisel verilerinizi \u00fc\u00e7\u00fcnc\u00fc taraflarla payla\u015fmama, satmama veya aktarmama taahh\u00fcd\u00fcnde bulunuyoruz, sipari\u015f i\u015fleme amac\u0131yla yukar\u0131da belirtilenler d\u0131\u015f\u0131nda.<\/p>\n\n\n\n<p><strong>6. Kullan\u0131c\u0131 Haklar\u0131<\/strong><\/p>\n\n\n\n<p>Genel Veri Koruma Y\u00f6netmeli\u011fi (GDPR) uyar\u0131nca, ki\u015fisel verilerinize eri\u015fme, d\u00fczeltme ve silme hakk\u0131na sahipsiniz. Ancak, \u015firketimizin muhasebesi i\u00e7in gerekli olan baz\u0131 bilgiler silinemez.<\/p>\n\n\n\n<p>Bu haklar\u0131 kullanmak i\u00e7in bize \u015fu adresten ula\u015fabilirsiniz: <a href=\"mailto:contact@cqgclub.dyndns.org\">contact@cqgclub.dyndns.org<\/a>.<\/p>\n\n\n\n<p><strong>7. G\u00fcvenlik<\/strong><\/p>\n\n\n\n<p>Ki\u015fisel verilerinizin g\u00fcvenli\u011fini sa\u011flamak i\u00e7in gerekli t\u00fcm \u00f6nlemleri al\u0131yoruz. Bu, yetkisiz eri\u015fimi, kayb\u0131 veya k\u00f6t\u00fcye kullan\u0131m\u0131 \u00f6nlemek i\u00e7in fiziksel, teknik ve idari \u00f6nlemleri i\u00e7erir.<\/p>\n","protected":false},"excerpt":{"rendered":"<p>Yasal Bildirim Yay\u0131nc\u0131likyneko.com sitesi taraf\u0131ndan yay\u0131nlanmaktad\u0131r:Informatech SARL7 rue de l&rsquo;\u00e9cureuil38130 ECHIROLLES\u20ac1.000 sermayeli SARLRC 498649813Telefon: +33621841586E-posta: contact@cqgclub.dyndns.orgYay\u0131n sorumlusu Bay ROBBE C\u00e9dric&rsquo;dir.Bar\u0131nd\u0131rmalikyneko.com, taraf\u0131ndan bar\u0131nd\u0131r\u0131lmaktad\u0131r:Gandi63-65 boulevard Massena75013 ParisFransa Genel Sat\u0131\u015f \u015eartlar\u0131 &#8211; Liky Neko Bu Genel Sat\u0131\u015f \u015eartlar\u0131n\u0131n Frans\u0131zca versiyonu resmi versiyondur. Herhangi bir \u00e7eli\u015fki veya belirsizlik durumunda Frans\u0131zca versiyon ge\u00e7erlidir. Gizlilik ve Veri Koruma Politikas\u0131 1. Giri\u015f&hellip;<\/p>\n","protected":false},"author":1,"featured_media":0,"parent":0,"menu_order":0,"comment_status":"closed","ping_status":"closed","template":"","meta":{"footnotes":""},"class_list":["post-622","page","type-page","status-publish","hentry"],"lang":"tr","translations":{"tr":622,"en":606,"fr":599,"es":608,"de":610,"it":612,"pl":614,"nl":616,"cs":618,"sv":620},"pll_sync_post":[],"_links":{"self":[{"href":"https:\/\/cqgclub.dyndns.org\/likyneko\/wp-json\/wp\/v2\/pages\/622","targetHints":{"allow":["GET"]}}],"collection":[{"href":"https:\/\/cqgclub.dyndns.org\/likyneko\/wp-json\/wp\/v2\/pages"}],"about":[{"href":"https:\/\/cqgclub.dyndns.org\/likyneko\/wp-json\/wp\/v2\/types\/page"}],"author":[{"embeddable":true,"href":"https:\/\/cqgclub.dyndns.org\/likyneko\/wp-json\/wp\/v2\/users\/1"}],"replies":[{"embeddable":true,"href":"https:\/\/cqgclub.dyndns.org\/likyneko\/wp-json\/wp\/v2\/comments?post=622"}],"version-history":[{"count":1,"href":"https:\/\/cqgclub.dyndns.org\/likyneko\/wp-json\/wp\/v2\/pages\/622\/revisions"}],"predecessor-version":[{"id":623,"href":"https:\/\/cqgclub.dyndns.org\/likyneko\/wp-json\/wp\/v2\/pages\/622\/revisions\/623"}],"wp:attachment":[{"href":"https:\/\/cqgclub.dyndns.org\/likyneko\/wp-json\/wp\/v2\/media?parent=622"}],"curies":[{"name":"wp","href":"https:\/\/api.w.org\/{rel}","templated":true}]}}