{"id":170,"date":"2023-07-20T10:03:26","date_gmt":"2023-07-20T08:03:26","guid":{"rendered":"https:\/\/cqgclub.dyndns.org\/likyneko\/?post_type=product&#038;p=170"},"modified":"2023-09-03T11:21:13","modified_gmt":"2023-09-03T09:21:13","slug":"fontaine-a-eau-connectee-pour-animaux-de-compagnie","status":"publish","type":"product","link":"https:\/\/cqgclub.dyndns.org\/likyneko\/produit\/fontaine-a-eau-connectee-pour-animaux-de-compagnie\/","title":{"rendered":"Fontaine \u00e0 eau connect\u00e9e pour animaux de compagnie"},"content":{"rendered":"<p>La fontaine \u00e0 eau connect\u00e9e Liky Neko pour animaux domestiques en acier inoxydable a une contenance de 4 litres, est l\u00e9g\u00e8re et facile \u00e0 nettoyer, silencieuse et est munie d&rsquo;un syst\u00e8me de filtrage.<br \/>\nSa conception rend la fontaine s\u00e9curis\u00e9e, y compris pour les petits animaux. Il n&rsquo;y a aucun risque de noyade.<br \/>\nL&rsquo;application gratuite permet de contr\u00f4ler le d\u00e9bit d&rsquo;eau, de param\u00e9trer les intervals et temps de fonctionnement, d&rsquo;avoir des alertes de niveau d&rsquo;eau et de planifier des rappels pour le nettoyage et les changements de filtre.<br \/>\nLes notices (fontaine et application) sont disponibles dans 10 langues et accessibles gratuitement.<\/p>\n","protected":false},"excerpt":{"rendered":"<p>Fontaine \u00e0 eau connect\u00e9e pour chiens et chats &#8211; 4 litres &#8211; Acier inoxydable &#8211; Silencieuse &#8211; Filtrage 5 niveaux &#8211; Facile \u00e0 nettoyer<\/p>\n","protected":false},"featured_media":299,"comment_status":"open","ping_status":"closed","template":"","meta":[],"product_brand":[],"product_cat":[17],"product_tag":[],"class_list":{"0":"post-170","1":"product","2":"type-product","3":"status-publish","4":"has-post-thumbnail","6":"product_cat-fontaine-a-eau","8":"first","9":"instock","10":"taxable","11":"shipping-taxable","12":"purchasable","13":"product-type-simple"},"lang":"fr","translations":{"fr":170,"it":365,"es":366,"pl":367,"tr":368,"nl":369,"de":370,"cs":371,"sv":372,"en":373},"pll_sync_post":[],"_links":{"self":[{"href":"https:\/\/cqgclub.dyndns.org\/likyneko\/wp-json\/wp\/v2\/product\/170","targetHints":{"allow":["GET"]}}],"collection":[{"href":"https:\/\/cqgclub.dyndns.org\/likyneko\/wp-json\/wp\/v2\/product"}],"about":[{"href":"https:\/\/cqgclub.dyndns.org\/likyneko\/wp-json\/wp\/v2\/types\/product"}],"replies":[{"embeddable":true,"href":"https:\/\/cqgclub.dyndns.org\/likyneko\/wp-json\/wp\/v2\/comments?post=170"}],"wp:featuredmedia":[{"embeddable":true,"href":"https:\/\/cqgclub.dyndns.org\/likyneko\/wp-json\/wp\/v2\/media\/299"}],"wp:attachment":[{"href":"https:\/\/cqgclub.dyndns.org\/likyneko\/wp-json\/wp\/v2\/media?parent=170"}],"wp:term":[{"taxonomy":"product_brand","embeddable":true,"href":"https:\/\/cqgclub.dyndns.org\/likyneko\/wp-json\/wp\/v2\/product_brand?post=170"},{"taxonomy":"product_cat","embeddable":true,"href":"https:\/\/cqgclub.dyndns.org\/likyneko\/wp-json\/wp\/v2\/product_cat?post=170"},{"taxonomy":"product_tag","embeddable":true,"href":"https:\/\/cqgclub.dyndns.org\/likyneko\/wp-json\/wp\/v2\/product_tag?post=170"}],"curies":[{"name":"wp","href":"https:\/\/api.w.org\/{rel}","templated":true}]}}