{"id":398,"date":"2023-09-03T11:48:01","date_gmt":"2023-09-03T09:48:01","guid":{"rendered":"https:\/\/cqgclub.dyndns.org\/likyneko\/?post_type=product&#038;p=398"},"modified":"2024-01-23T21:33:22","modified_gmt":"2024-01-23T20:33:22","slug":"lot-de-4-filtres-de-remplacement-pour-fontaine-connectee","status":"publish","type":"product","link":"https:\/\/cqgclub.dyndns.org\/likyneko\/pl\/produit\/lot-de-4-filtres-de-remplacement-pour-fontaine-connectee\/","title":{"rendered":"Zestaw 4 filtry do fontanny wodnej"},"content":{"rendered":"<p>Filtry Liky Neko s\u0105 niezb\u0119dne, je\u015bli twoja woda jest twarda i\/lub zanieczyszczona. Filtracja na 5 poziomach obejmuje:<\/p>\n<p>Filtracja w\u0142os\u00f3w, kurzu i resztek jedzenia<br \/>\nZmi\u0119kczacz wody: niezb\u0119dny dla twardych w\u00f3d<br \/>\nOczyszczacz wody: \u0142apie barwniki, ci\u0119\u017ckie metale i bakterie<br \/>\nAktywny w\u0119giel ro\u015blinny z \u0142upin kokosowych: dezynfekcja<br \/>\nFiltr do usuwania z\u0142ych smak\u00f3w i zapach\u00f3w<\/p>\n<p>Zalecany czas u\u017cytkowania filtra to 15 dni.<\/p>\n","protected":false},"excerpt":{"rendered":"<p>4 filtry wymienne do fontanny Liky Neko.<\/p>\n","protected":false},"featured_media":399,"comment_status":"open","ping_status":"closed","template":"","meta":[],"product_brand":[],"product_cat":[113],"product_tag":[],"class_list":{"0":"post-398","1":"product","2":"type-product","3":"status-publish","4":"has-post-thumbnail","6":"product_cat-fontaine-a-eau","8":"first","9":"instock","10":"taxable","11":"shipping-taxable","12":"purchasable","13":"product-type-simple"},"lang":"pl","translations":{"pl":398,"it":390,"fr":280,"es":394,"tr":402,"sv":406,"nl":410,"cs":414,"en":418,"de":422},"pll_sync_post":[],"_links":{"self":[{"href":"https:\/\/cqgclub.dyndns.org\/likyneko\/wp-json\/wp\/v2\/product\/398","targetHints":{"allow":["GET"]}}],"collection":[{"href":"https:\/\/cqgclub.dyndns.org\/likyneko\/wp-json\/wp\/v2\/product"}],"about":[{"href":"https:\/\/cqgclub.dyndns.org\/likyneko\/wp-json\/wp\/v2\/types\/product"}],"replies":[{"embeddable":true,"href":"https:\/\/cqgclub.dyndns.org\/likyneko\/wp-json\/wp\/v2\/comments?post=398"}],"wp:featuredmedia":[{"embeddable":true,"href":"https:\/\/cqgclub.dyndns.org\/likyneko\/wp-json\/wp\/v2\/media\/399"}],"wp:attachment":[{"href":"https:\/\/cqgclub.dyndns.org\/likyneko\/wp-json\/wp\/v2\/media?parent=398"}],"wp:term":[{"taxonomy":"product_brand","embeddable":true,"href":"https:\/\/cqgclub.dyndns.org\/likyneko\/wp-json\/wp\/v2\/product_brand?post=398"},{"taxonomy":"product_cat","embeddable":true,"href":"https:\/\/cqgclub.dyndns.org\/likyneko\/wp-json\/wp\/v2\/product_cat?post=398"},{"taxonomy":"product_tag","embeddable":true,"href":"https:\/\/cqgclub.dyndns.org\/likyneko\/wp-json\/wp\/v2\/product_tag?post=398"}],"curies":[{"name":"wp","href":"https:\/\/api.w.org\/{rel}","templated":true}]}}