{"id":402,"date":"2023-09-03T11:48:47","date_gmt":"2023-09-03T09:48:47","guid":{"rendered":"https:\/\/cqgclub.dyndns.org\/likyneko\/?post_type=product&#038;p=402"},"modified":"2024-01-23T21:33:22","modified_gmt":"2024-01-23T20:33:22","slug":"lot-de-4-filtres-de-remplacement-pour-fontaine-connectee","status":"publish","type":"product","link":"https:\/\/cqgclub.dyndns.org\/likyneko\/tr\/produit\/lot-de-4-filtres-de-remplacement-pour-fontaine-connectee\/","title":{"rendered":"Su \u00e7e\u015fmesi i\u00e7in 4 filtre paketi"},"content":{"rendered":"<p>Liky Neko filtreleri, suyunuz kire\u00e7li ve\/veya kirli ise vazge\u00e7ilmezdir. 5 seviyeli filtrasyon \u015funlar\u0131 i\u00e7erir:<\/p>\n<p>T\u00fcy, toz ve yiyecek art\u0131klar\u0131n\u0131n filtrasyonu<br \/>\nSu yumu\u015fat\u0131c\u0131: sert sular i\u00e7in gereklidir<br \/>\nSu ar\u0131t\u0131c\u0131: boyalar\u0131, a\u011f\u0131r metalleri ve bakterileri yakalar<br \/>\nHindistancevizi kabu\u011fundan aktif bitki k\u00f6m\u00fcr\u00fc: ar\u0131nd\u0131r\u0131c\u0131<br \/>\nK\u00f6t\u00fc tat ve koku giderici filtre<\/p>\n<p>Bir filtre i\u00e7in \u00f6nerilen kullan\u0131m s\u00fcresi 15 g\u00fcnd\u00fcr.<\/p>\n","protected":false},"excerpt":{"rendered":"<p>Liky Neko \u00e7e\u015fmesi i\u00e7in 4 yedek filtre.<\/p>\n","protected":false},"featured_media":403,"comment_status":"open","ping_status":"closed","template":"","meta":[],"product_brand":[],"product_cat":[116],"product_tag":[],"class_list":{"0":"post-402","1":"product","2":"type-product","3":"status-publish","4":"has-post-thumbnail","6":"product_cat-fontaine-a-eau","8":"first","9":"instock","10":"taxable","11":"shipping-taxable","12":"purchasable","13":"product-type-simple"},"lang":"tr","translations":{"tr":402,"it":390,"fr":280,"es":394,"pl":398,"sv":406,"nl":410,"cs":414,"en":418,"de":422},"pll_sync_post":[],"_links":{"self":[{"href":"https:\/\/cqgclub.dyndns.org\/likyneko\/wp-json\/wp\/v2\/product\/402","targetHints":{"allow":["GET"]}}],"collection":[{"href":"https:\/\/cqgclub.dyndns.org\/likyneko\/wp-json\/wp\/v2\/product"}],"about":[{"href":"https:\/\/cqgclub.dyndns.org\/likyneko\/wp-json\/wp\/v2\/types\/product"}],"replies":[{"embeddable":true,"href":"https:\/\/cqgclub.dyndns.org\/likyneko\/wp-json\/wp\/v2\/comments?post=402"}],"wp:featuredmedia":[{"embeddable":true,"href":"https:\/\/cqgclub.dyndns.org\/likyneko\/wp-json\/wp\/v2\/media\/403"}],"wp:attachment":[{"href":"https:\/\/cqgclub.dyndns.org\/likyneko\/wp-json\/wp\/v2\/media?parent=402"}],"wp:term":[{"taxonomy":"product_brand","embeddable":true,"href":"https:\/\/cqgclub.dyndns.org\/likyneko\/wp-json\/wp\/v2\/product_brand?post=402"},{"taxonomy":"product_cat","embeddable":true,"href":"https:\/\/cqgclub.dyndns.org\/likyneko\/wp-json\/wp\/v2\/product_cat?post=402"},{"taxonomy":"product_tag","embeddable":true,"href":"https:\/\/cqgclub.dyndns.org\/likyneko\/wp-json\/wp\/v2\/product_tag?post=402"}],"curies":[{"name":"wp","href":"https:\/\/api.w.org\/{rel}","templated":true}]}}