{"id":406,"date":"2023-09-03T11:51:01","date_gmt":"2023-09-03T09:51:01","guid":{"rendered":"https:\/\/cqgclub.dyndns.org\/likyneko\/?post_type=product&#038;p=406"},"modified":"2024-01-23T21:33:22","modified_gmt":"2024-01-23T20:33:22","slug":"lot-de-4-filtres-de-remplacement-pour-fontaine-connectee","status":"publish","type":"product","link":"https:\/\/cqgclub.dyndns.org\/likyneko\/sv\/produit\/lot-de-4-filtres-de-remplacement-pour-fontaine-connectee\/","title":{"rendered":"Pack med 4 filter f\u00f6r vattenfont\u00e4n"},"content":{"rendered":"<p>Liky Neko-filter \u00e4r n\u00f6dv\u00e4ndiga om ditt vatten \u00e4r h\u00e5rt och\/eller f\u00f6rorenat. 5-niv\u00e5s filtreringen inkluderar:<br \/>\nFiltrering av h\u00e5r, damm och matrester.<br \/>\nVattenmjukg\u00f6rare: n\u00f6dv\u00e4ndig f\u00f6r h\u00e5rt vatten.<br \/>\nVattenrening: f\u00e5ngar f\u00e4rg\u00e4mnen, tungmetaller och bakterier.<br \/>\nAktivt vegetabiliskt kol fr\u00e5n kokosn\u00f6tsskal: renande.<br \/>\nFilter f\u00f6r att eliminera d\u00e5liga smaker och lukter.<\/p>\n<p>Rekommenderad anv\u00e4ndningstid f\u00f6r ett filter \u00e4r 15 dagar.<\/p>\n","protected":false},"excerpt":{"rendered":"<p>4 utbytesfilter f\u00f6r Liky Neko-font\u00e4nen.<\/p>\n","protected":false},"featured_media":407,"comment_status":"open","ping_status":"closed","template":"","meta":[],"product_brand":[],"product_cat":[128],"product_tag":[],"class_list":{"0":"post-406","1":"product","2":"type-product","3":"status-publish","4":"has-post-thumbnail","6":"product_cat-fontaine-a-eau","8":"first","9":"instock","10":"taxable","11":"shipping-taxable","12":"purchasable","13":"product-type-simple"},"lang":"sv","translations":{"sv":406,"it":390,"fr":280,"es":394,"pl":398,"tr":402,"nl":410,"cs":414,"en":418,"de":422},"pll_sync_post":[],"_links":{"self":[{"href":"https:\/\/cqgclub.dyndns.org\/likyneko\/wp-json\/wp\/v2\/product\/406","targetHints":{"allow":["GET"]}}],"collection":[{"href":"https:\/\/cqgclub.dyndns.org\/likyneko\/wp-json\/wp\/v2\/product"}],"about":[{"href":"https:\/\/cqgclub.dyndns.org\/likyneko\/wp-json\/wp\/v2\/types\/product"}],"replies":[{"embeddable":true,"href":"https:\/\/cqgclub.dyndns.org\/likyneko\/wp-json\/wp\/v2\/comments?post=406"}],"wp:featuredmedia":[{"embeddable":true,"href":"https:\/\/cqgclub.dyndns.org\/likyneko\/wp-json\/wp\/v2\/media\/407"}],"wp:attachment":[{"href":"https:\/\/cqgclub.dyndns.org\/likyneko\/wp-json\/wp\/v2\/media?parent=406"}],"wp:term":[{"taxonomy":"product_brand","embeddable":true,"href":"https:\/\/cqgclub.dyndns.org\/likyneko\/wp-json\/wp\/v2\/product_brand?post=406"},{"taxonomy":"product_cat","embeddable":true,"href":"https:\/\/cqgclub.dyndns.org\/likyneko\/wp-json\/wp\/v2\/product_cat?post=406"},{"taxonomy":"product_tag","embeddable":true,"href":"https:\/\/cqgclub.dyndns.org\/likyneko\/wp-json\/wp\/v2\/product_tag?post=406"}],"curies":[{"name":"wp","href":"https:\/\/api.w.org\/{rel}","templated":true}]}}