{"id":414,"date":"2023-09-03T11:53:09","date_gmt":"2023-09-03T09:53:09","guid":{"rendered":"https:\/\/cqgclub.dyndns.org\/likyneko\/?post_type=product&#038;p=414"},"modified":"2024-01-23T21:33:23","modified_gmt":"2024-01-23T20:33:23","slug":"lot-de-4-filtres-de-remplacement-pour-fontaine-connectee","status":"publish","type":"product","link":"https:\/\/cqgclub.dyndns.org\/likyneko\/cs\/produit\/lot-de-4-filtres-de-remplacement-pour-fontaine-connectee\/","title":{"rendered":"Bal\u00ed\u010dek 4 filtr\u016f pro vodn\u00ed font\u00e1nu"},"content":{"rendered":"<p>Filtry Liky Neko jsou nezbytn\u00e9, pokud je va\u0161e voda v\u00e1penat\u00e1 a\/nebo zne\u010di\u0161t\u011bn\u00e1. Filtrace na 5 \u00farovn\u00edch zahrnuje:<\/p>\n<p>Filtrace vlas\u016f, prachu a potravinov\u00fdch zbytk\u016f<br \/>\nZm\u011bk\u010dova\u010d vody: nezbytn\u00fd pro tvrd\u00e9 vody<br \/>\n\u010cisti\u010d vody: zachyt\u00e1v\u00e1 barviva, t\u011b\u017ek\u00e9 kovy a bakterie<br \/>\nAktivn\u00ed rostlinn\u00e9 d\u0159ev\u011bn\u00e9 uhl\u00ed z kokosov\u00e9 sko\u0159\u00e1pky: dezinfek\u010dn\u00ed<br \/>\nFiltr pro odstran\u011bn\u00ed \u0161patn\u00e9 chuti a z\u00e1pachu<\/p>\n<p>Doporu\u010den\u00e1 doba pou\u017eit\u00ed filtru je 15 dn\u00ed.<\/p>\n","protected":false},"excerpt":{"rendered":"<p>4 n\u00e1hradn\u00ed filtry pro font\u00e1nu Liky Neko.<\/p>\n","protected":false},"featured_media":415,"comment_status":"open","ping_status":"closed","template":"","meta":[],"product_brand":[],"product_cat":[125],"product_tag":[],"class_list":{"0":"post-414","1":"product","2":"type-product","3":"status-publish","4":"has-post-thumbnail","6":"product_cat-fontaine-a-eau","8":"first","9":"instock","10":"taxable","11":"shipping-taxable","12":"purchasable","13":"product-type-simple"},"lang":"cs","translations":{"cs":414,"it":390,"fr":280,"es":394,"pl":398,"tr":402,"sv":406,"nl":410,"en":418,"de":422},"pll_sync_post":[],"_links":{"self":[{"href":"https:\/\/cqgclub.dyndns.org\/likyneko\/wp-json\/wp\/v2\/product\/414","targetHints":{"allow":["GET"]}}],"collection":[{"href":"https:\/\/cqgclub.dyndns.org\/likyneko\/wp-json\/wp\/v2\/product"}],"about":[{"href":"https:\/\/cqgclub.dyndns.org\/likyneko\/wp-json\/wp\/v2\/types\/product"}],"replies":[{"embeddable":true,"href":"https:\/\/cqgclub.dyndns.org\/likyneko\/wp-json\/wp\/v2\/comments?post=414"}],"wp:featuredmedia":[{"embeddable":true,"href":"https:\/\/cqgclub.dyndns.org\/likyneko\/wp-json\/wp\/v2\/media\/415"}],"wp:attachment":[{"href":"https:\/\/cqgclub.dyndns.org\/likyneko\/wp-json\/wp\/v2\/media?parent=414"}],"wp:term":[{"taxonomy":"product_brand","embeddable":true,"href":"https:\/\/cqgclub.dyndns.org\/likyneko\/wp-json\/wp\/v2\/product_brand?post=414"},{"taxonomy":"product_cat","embeddable":true,"href":"https:\/\/cqgclub.dyndns.org\/likyneko\/wp-json\/wp\/v2\/product_cat?post=414"},{"taxonomy":"product_tag","embeddable":true,"href":"https:\/\/cqgclub.dyndns.org\/likyneko\/wp-json\/wp\/v2\/product_tag?post=414"}],"curies":[{"name":"wp","href":"https:\/\/api.w.org\/{rel}","templated":true}]}}